{"id":24033,"date":"2015-08-16T10:02:02","date_gmt":"2015-08-16T08:02:02","guid":{"rendered":"http:\/\/raymond-debieve.fr\/?page_id=24033"},"modified":"2017-03-28T09:10:38","modified_gmt":"2017-03-28T07:10:38","slug":"contact","status":"publish","type":"page","link":"https:\/\/raymond-debieve.fr\/en\/contact\/","title":{"rendered":"contact"},"content":{"rendered":"<img loading=\"lazy\" decoding=\"async\" class=\"alignnone size-wcsmall wp-image-24728 aligncenter\" src=\"http:\/\/raymond-debieve.fr\/wp-content\/uploads\/2017\/03\/KarineGabriel08082008-250x317.jpg\" alt=\"\" width=\"250\" height=\"317\" srcset=\"https:\/\/raymond-debieve.fr\/wp-content\/uploads\/2017\/03\/KarineGabriel08082008-250x317.jpg 250w, https:\/\/raymond-debieve.fr\/wp-content\/uploads\/2017\/03\/KarineGabriel08082008-750x951.jpg 750w, https:\/\/raymond-debieve.fr\/wp-content\/uploads\/2017\/03\/KarineGabriel08082008-236x300.jpg 236w, https:\/\/raymond-debieve.fr\/wp-content\/uploads\/2017\/03\/KarineGabriel08082008-768x974.jpg 768w, https:\/\/raymond-debieve.fr\/wp-content\/uploads\/2017\/03\/KarineGabriel08082008-807x1024.jpg 807w, https:\/\/raymond-debieve.fr\/wp-content\/uploads\/2017\/03\/KarineGabriel08082008-550x698.jpg 550w, https:\/\/raymond-debieve.fr\/wp-content\/uploads\/2017\/03\/KarineGabriel08082008-800x1015.jpg 800w, https:\/\/raymond-debieve.fr\/wp-content\/uploads\/2017\/03\/KarineGabriel08082008-142x180.jpg 142w, https:\/\/raymond-debieve.fr\/wp-content\/uploads\/2017\/03\/KarineGabriel08082008-394x500.jpg 394w, https:\/\/raymond-debieve.fr\/wp-content\/uploads\/2017\/03\/KarineGabriel08082008-59x75.jpg 59w, https:\/\/raymond-debieve.fr\/wp-content\/uploads\/2017\/03\/KarineGabriel08082008-520x660.jpg 520w, https:\/\/raymond-debieve.fr\/wp-content\/uploads\/2017\/03\/KarineGabriel08082008.jpg 849w\" sizes=\"auto, (max-width: 250px) 100vw, 250px\" \/><\/p>\n<p style=\"text-align: center;\"><span style=\"color: #999999; font-size: 10pt;\"><em>Karine et Gabriel \u00e0 Rochegude<\/em>, craie sur papier, \u00e9t\u00e9 2008<\/span><\/p>\n<p style=\"text-align: center;\"><span style=\"color: #339966;\">Need more information\u00a0?<\/span><\/p>\n<p style=\"text-align: center;\"><span style=\"color: #339966;\">Please contact me by filling the form below !<\/span><\/p>\n<p style=\"text-align: center;\"><span style=\"color: #008080;\"><em>Karine<\/em>\u00a0 &#8211; Raymond Debi\u00e8ve&#8217;s niece &#8211;<\/span><\/p>\n\n<div class=\"wpcf7 no-js\" id=\"wpcf7-f23964-o2\" lang=\"fr-FR\" dir=\"ltr\" data-wpcf7-id=\"23964\">\n<div class=\"screen-reader-response\"><p role=\"status\" aria-live=\"polite\" aria-atomic=\"true\"><\/p> <ul><\/ul><\/div>\n<form action=\"\/en\/wp-json\/wp\/v2\/pages\/24033#wpcf7-f23964-o2\" method=\"post\" class=\"wpcf7-form init\" aria-label=\"Formulaire de contact\" novalidate=\"novalidate\" data-status=\"init\">\n<fieldset class=\"hidden-fields-container\"><input type=\"hidden\" name=\"_wpcf7\" value=\"23964\" \/><input type=\"hidden\" name=\"_wpcf7_version\" value=\"6.1.5\" \/><input type=\"hidden\" name=\"_wpcf7_locale\" value=\"fr_FR\" \/><input type=\"hidden\" name=\"_wpcf7_unit_tag\" value=\"wpcf7-f23964-o2\" \/><input type=\"hidden\" name=\"_wpcf7_container_post\" value=\"0\" \/><input type=\"hidden\" name=\"_wpcf7_posted_data_hash\" value=\"\" \/>\n<\/fieldset>\n<p>Votre nom (obligatoire)\n<\/p>\n<p><span class=\"wpcf7-form-control-wrap\" data-name=\"your-name\"><input size=\"40\" maxlength=\"400\" class=\"wpcf7-form-control wpcf7-text wpcf7-validates-as-required\" aria-required=\"true\" aria-invalid=\"false\" value=\"\" type=\"text\" name=\"your-name\" \/><\/span>\n<\/p>\n<p>Votre email (obligatoire)\n<\/p>\n<p><span class=\"wpcf7-form-control-wrap\" data-name=\"your-email\"><input size=\"40\" maxlength=\"400\" class=\"wpcf7-form-control wpcf7-email wpcf7-validates-as-required wpcf7-text wpcf7-validates-as-email\" aria-required=\"true\" aria-invalid=\"false\" value=\"\" type=\"email\" name=\"your-email\" \/><\/span>\n<\/p>\n<p>Sujet\n<\/p>\n<p><span class=\"wpcf7-form-control-wrap\" data-name=\"your-subject\"><input size=\"40\" maxlength=\"400\" class=\"wpcf7-form-control wpcf7-text\" aria-invalid=\"false\" value=\"\" type=\"text\" name=\"your-subject\" \/><\/span>\n<\/p>\n<p>Votre message\n<\/p>\n<p><span class=\"wpcf7-form-control-wrap\" data-name=\"your-message\"><textarea cols=\"40\" rows=\"10\" maxlength=\"2000\" class=\"wpcf7-form-control wpcf7-textarea\" aria-invalid=\"false\" name=\"your-message\"><\/textarea><\/span>\n<\/p>\n<p><span id=\"wpcf7-69f0a812c0115-wrapper\" class=\"wpcf7-form-control-wrap Website:-wrap\" style=\"display:none !important; visibility:hidden !important;\"><label for=\"wpcf7-69f0a812c0115-field\" class=\"hp-message\">Veuillez laisser ce champ vide.<\/label><input id=\"wpcf7-69f0a812c0115-field\"  class=\"wpcf7-form-control wpcf7-text\" type=\"text\" name=\"Website:\" value=\"\" size=\"40\" tabindex=\"-1\" autocomplete=\"new-password\" \/><\/span>\n<\/p>\n<div id=\"cf7sr-69f0a812c0168\" class=\"cf7sr-g-recaptcha\" data-theme=\"light\" data-type=\"image\" data-size=\"normal\" data-sitekey=\"6LdckrAUAAAAAPkGYlnrF3uefmGT6Y3QkfP6En2O\"><\/div><span class=\"wpcf7-form-control-wrap cf7sr-recaptcha\" data-name=\"cf7sr-recaptcha\"><input type=\"hidden\" name=\"cf7sr-recaptcha\" value=\"\" class=\"wpcf7-form-control\"><\/span>\n<\/p>\n<p><input class=\"wpcf7-form-control wpcf7-submit has-spinner\" type=\"submit\" value=\"Envoyer\" \/>\n<\/p><div class=\"wpcf7-response-output\" aria-hidden=\"true\"><\/div>\n<\/form>\n<\/div>","protected":false},"excerpt":{"rendered":"<p>Karine et Gabriel \u00e0 Rochegude, craie sur papier, \u00e9t\u00e9 2008 Need more information\u00a0? Please contact me by filling the form below ! Karine\u00a0 &#8211; Raymond Debi\u00e8ve&#8217;s niece &#8211;<\/p>\n","protected":false},"author":1,"featured_media":0,"parent":0,"menu_order":0,"comment_status":"closed","ping_status":"closed","template":"templates\/template-page-fullwidth.php","meta":{"_exactmetrics_skip_tracking":false,"_exactmetrics_sitenote_active":false,"_exactmetrics_sitenote_note":"","_exactmetrics_sitenote_category":0,"footnotes":""},"class_list":["post-24033","page","type-page","status-publish","hentry"],"_links":{"self":[{"href":"https:\/\/raymond-debieve.fr\/en\/wp-json\/wp\/v2\/pages\/24033","targetHints":{"allow":["GET"]}}],"collection":[{"href":"https:\/\/raymond-debieve.fr\/en\/wp-json\/wp\/v2\/pages"}],"about":[{"href":"https:\/\/raymond-debieve.fr\/en\/wp-json\/wp\/v2\/types\/page"}],"author":[{"embeddable":true,"href":"https:\/\/raymond-debieve.fr\/en\/wp-json\/wp\/v2\/users\/1"}],"replies":[{"embeddable":true,"href":"https:\/\/raymond-debieve.fr\/en\/wp-json\/wp\/v2\/comments?post=24033"}],"version-history":[{"count":9,"href":"https:\/\/raymond-debieve.fr\/en\/wp-json\/wp\/v2\/pages\/24033\/revisions"}],"predecessor-version":[{"id":24823,"href":"https:\/\/raymond-debieve.fr\/en\/wp-json\/wp\/v2\/pages\/24033\/revisions\/24823"}],"wp:attachment":[{"href":"https:\/\/raymond-debieve.fr\/en\/wp-json\/wp\/v2\/media?parent=24033"}],"curies":[{"name":"wp","href":"https:\/\/api.w.org\/{rel}","templated":true}]}}