{"id":24148,"date":"2015-08-18T13:10:13","date_gmt":"2015-08-18T11:10:13","guid":{"rendered":"http:\/\/raymond-debieve.fr\/?page_id=24148"},"modified":"2017-03-28T09:08:44","modified_gmt":"2017-03-28T07:08:44","slug":"voir-les-oeuvres","status":"publish","type":"page","link":"https:\/\/raymond-debieve.fr\/en\/voir-les-oeuvres\/","title":{"rendered":"voir les oeuvres"},"content":{"rendered":"<p>Les oeuvres -hors collections priv\u00e9es- sont pour la plupart en vente.<\/p>\n<p>Elles sont actuellement visibles dans deux lieux : en Loire-Atlantique, chez Bernard, fr\u00e8re du peintre et en Dordogne chez Karine, ni\u00e8ce du peintre.<\/p>\n<p>Vous souhaitez prendre rendez-vous ? Merci d&#8217;utiliser le formulaire que vous trouverez \u00e0 la rubrique &#8220;nous contacter&#8221;.<\/p>\n<p><strong>Loire-Atlantique<\/strong><\/p>\n<p><code>[flexiblemap address=\"44 HERBIGNAC\" region=\"fr\" directions=\"true\" zoom=\"10\"] <\/code><\/p>\n<p><strong>Dordogne <\/strong><\/p>\n<pre><code>[flexiblemap address=\"24 BRANTOME\" region=\"fr\" directions=\"true\" zoom=\"10\"]\r\n<\/code><\/pre>\n","protected":false},"excerpt":{"rendered":"<p>Les oeuvres -hors collections priv\u00e9es- sont pour la plupart en vente. Elles sont actuellement visibles dans deux lieux : en Loire-Atlantique, chez Bernard, fr\u00e8re du peintre et en Dordogne chez Karine, ni\u00e8ce du peintre. Vous souhaitez prendre rendez-vous ? Merci d&#8217;utiliser le formulaire que vous trouverez \u00e0 la rubrique &#8220;nous contacter&#8221;. Loire-Atlantique [flexiblemap address=&#8221;44 HERBIGNAC&#8221; [&hellip;]<\/p>\n","protected":false},"author":1,"featured_media":0,"parent":0,"menu_order":0,"comment_status":"closed","ping_status":"closed","template":"templates\/template-page-fullwidth.php","meta":{"_exactmetrics_skip_tracking":false,"_exactmetrics_sitenote_active":false,"_exactmetrics_sitenote_note":"","_exactmetrics_sitenote_category":0,"footnotes":""},"class_list":["post-24148","page","type-page","status-publish","hentry"],"_links":{"self":[{"href":"https:\/\/raymond-debieve.fr\/en\/wp-json\/wp\/v2\/pages\/24148","targetHints":{"allow":["GET"]}}],"collection":[{"href":"https:\/\/raymond-debieve.fr\/en\/wp-json\/wp\/v2\/pages"}],"about":[{"href":"https:\/\/raymond-debieve.fr\/en\/wp-json\/wp\/v2\/types\/page"}],"author":[{"embeddable":true,"href":"https:\/\/raymond-debieve.fr\/en\/wp-json\/wp\/v2\/users\/1"}],"replies":[{"embeddable":true,"href":"https:\/\/raymond-debieve.fr\/en\/wp-json\/wp\/v2\/comments?post=24148"}],"version-history":[{"count":13,"href":"https:\/\/raymond-debieve.fr\/en\/wp-json\/wp\/v2\/pages\/24148\/revisions"}],"predecessor-version":[{"id":24272,"href":"https:\/\/raymond-debieve.fr\/en\/wp-json\/wp\/v2\/pages\/24148\/revisions\/24272"}],"wp:attachment":[{"href":"https:\/\/raymond-debieve.fr\/en\/wp-json\/wp\/v2\/media?parent=24148"}],"curies":[{"name":"wp","href":"https:\/\/api.w.org\/{rel}","templated":true}]}}