{"id":24692,"date":"2017-03-01T20:37:22","date_gmt":"2017-03-01T18:37:22","guid":{"rendered":"http:\/\/raymond-debieve.fr\/?page_id=24692"},"modified":"2017-03-28T09:07:51","modified_gmt":"2017-03-28T07:07:51","slug":"page-non-trouvee","status":"publish","type":"page","link":"https:\/\/raymond-debieve.fr\/en\/page-non-trouvee\/","title":{"rendered":"Page non trouv\u00e9e"},"content":{"rendered":"<p class=\"qtranxs-available-languages-message qtranxs-available-languages-message-en\">Sorry, this entry is only available in <a href=\"https:\/\/raymond-debieve.fr\/fr\/wp-json\/wp\/v2\/pages\/24692\" class=\"qtranxs-available-language-link qtranxs-available-language-link-fr\" title=\"Fran\u00e7ais\">Fran\u00e7ais<\/a>.<\/p><img loading=\"lazy\" decoding=\"async\" class=\"size-medium wp-image-24606 alignleft\" src=\"http:\/\/raymond-debieve.fr\/wp-content\/uploads\/2016\/08\/img039-212x300.jpg\" alt=\"\" width=\"212\" height=\"300\" srcset=\"https:\/\/raymond-debieve.fr\/wp-content\/uploads\/2016\/08\/img039-212x300.jpg 212w, https:\/\/raymond-debieve.fr\/wp-content\/uploads\/2016\/08\/img039-750x1060.jpg 750w, https:\/\/raymond-debieve.fr\/wp-content\/uploads\/2016\/08\/img039-768x1086.jpg 768w, https:\/\/raymond-debieve.fr\/wp-content\/uploads\/2016\/08\/img039-724x1024.jpg 724w, https:\/\/raymond-debieve.fr\/wp-content\/uploads\/2016\/08\/img039-250x353.jpg 250w, https:\/\/raymond-debieve.fr\/wp-content\/uploads\/2016\/08\/img039-550x778.jpg 550w, https:\/\/raymond-debieve.fr\/wp-content\/uploads\/2016\/08\/img039-127x180.jpg 127w, https:\/\/raymond-debieve.fr\/wp-content\/uploads\/2016\/08\/img039-354x500.jpg 354w, https:\/\/raymond-debieve.fr\/wp-content\/uploads\/2016\/08\/img039-53x75.jpg 53w, https:\/\/raymond-debieve.fr\/wp-content\/uploads\/2016\/08\/img039-520x735.jpg 520w, https:\/\/raymond-debieve.fr\/wp-content\/uploads\/2016\/08\/img039.jpg 778w\" sizes=\"auto, (max-width: 212px) 100vw, 212px\" \/><\/p>\n<p>&nbsp;<\/p>\n<p>&nbsp;<\/p>\n<p><strong>D\u00e9sol\u00e9, la page que vous souhaitez atteindre est introuvable&#8230;<\/strong><\/p>\n<p>&nbsp;<\/p>\n<p>Vous pouvez cependant faire une recherche ci-dessous :<\/p>\n[wpbsearch]","protected":false},"excerpt":{"rendered":"<p>Sorry, this entry is only available in Fran\u00e7ais. &nbsp; &nbsp; D\u00e9sol\u00e9, la page que vous souhaitez atteindre est introuvable&#8230; &nbsp; Vous pouvez cependant faire une recherche ci-dessous : [wpbsearch]<\/p>\n","protected":false},"author":2,"featured_media":0,"parent":0,"menu_order":0,"comment_status":"closed","ping_status":"closed","template":"templates\/template-page-fullwidth.php","meta":{"_exactmetrics_skip_tracking":false,"_exactmetrics_sitenote_active":false,"_exactmetrics_sitenote_note":"","_exactmetrics_sitenote_category":0,"footnotes":""},"class_list":["post-24692","page","type-page","status-publish","hentry"],"_links":{"self":[{"href":"https:\/\/raymond-debieve.fr\/en\/wp-json\/wp\/v2\/pages\/24692","targetHints":{"allow":["GET"]}}],"collection":[{"href":"https:\/\/raymond-debieve.fr\/en\/wp-json\/wp\/v2\/pages"}],"about":[{"href":"https:\/\/raymond-debieve.fr\/en\/wp-json\/wp\/v2\/types\/page"}],"author":[{"embeddable":true,"href":"https:\/\/raymond-debieve.fr\/en\/wp-json\/wp\/v2\/users\/2"}],"replies":[{"embeddable":true,"href":"https:\/\/raymond-debieve.fr\/en\/wp-json\/wp\/v2\/comments?post=24692"}],"version-history":[{"count":5,"href":"https:\/\/raymond-debieve.fr\/en\/wp-json\/wp\/v2\/pages\/24692\/revisions"}],"predecessor-version":[{"id":24699,"href":"https:\/\/raymond-debieve.fr\/en\/wp-json\/wp\/v2\/pages\/24692\/revisions\/24699"}],"wp:attachment":[{"href":"https:\/\/raymond-debieve.fr\/en\/wp-json\/wp\/v2\/media?parent=24692"}],"curies":[{"name":"wp","href":"https:\/\/api.w.org\/{rel}","templated":true}]}}