{"id":24839,"date":"2017-03-12T10:25:32","date_gmt":"2017-03-12T08:25:32","guid":{"rendered":"http:\/\/raymond-debieve.fr\/?page_id=24839"},"modified":"2017-03-28T09:07:32","modified_gmt":"2017-03-28T07:07:32","slug":"utilisation-cookies-site","status":"publish","type":"page","link":"https:\/\/raymond-debieve.fr\/en\/utilisation-cookies-site\/","title":{"rendered":"Utilisation des cookies sur le site"},"content":{"rendered":"<p class=\"qtranxs-available-languages-message qtranxs-available-languages-message-en\">Sorry, this entry is only available in <a href=\"https:\/\/raymond-debieve.fr\/fr\/wp-json\/wp\/v2\/pages\/24839\" class=\"qtranxs-available-language-link qtranxs-available-language-link-fr\" title=\"Fran\u00e7ais\">Fran\u00e7ais<\/a>.<\/p>Les cookies du\u00a0site de la Galerie Raymond Debieve sont utilis\u00e9s \u00e0 seuls fins d&#8217;am\u00e9liorer votre navigation et de mesure d&#8217;audience.<\/p>\n<p>Ils ne sont en aucun cas utilis\u00e9s \u00e0 des fins publicitaires ou revendus \u00e0 des tiers.<\/p>\n<p>&nbsp;<\/p>\n<p><img loading=\"lazy\" decoding=\"async\" class=\"size-medium wp-image-24206 aligncenter\" src=\"http:\/\/raymond-debieve.fr\/wp-content\/uploads\/2015\/08\/Les-ricaneuses-37x52-197x300.jpg\" alt=\"\" width=\"197\" height=\"300\" srcset=\"https:\/\/raymond-debieve.fr\/wp-content\/uploads\/2015\/08\/Les-ricaneuses-37x52-197x300.jpg 197w, https:\/\/raymond-debieve.fr\/wp-content\/uploads\/2015\/08\/Les-ricaneuses-37x52-674x1024.jpg 674w, https:\/\/raymond-debieve.fr\/wp-content\/uploads\/2015\/08\/Les-ricaneuses-37x52-250x380.jpg 250w, https:\/\/raymond-debieve.fr\/wp-content\/uploads\/2015\/08\/Les-ricaneuses-37x52-550x836.jpg 550w, https:\/\/raymond-debieve.fr\/wp-content\/uploads\/2015\/08\/Les-ricaneuses-37x52-118x180.jpg 118w, https:\/\/raymond-debieve.fr\/wp-content\/uploads\/2015\/08\/Les-ricaneuses-37x52-329x500.jpg 329w, https:\/\/raymond-debieve.fr\/wp-content\/uploads\/2015\/08\/Les-ricaneuses-37x52-49x75.jpg 49w, https:\/\/raymond-debieve.fr\/wp-content\/uploads\/2015\/08\/Les-ricaneuses-37x52-520x790.jpg 520w, https:\/\/raymond-debieve.fr\/wp-content\/uploads\/2015\/08\/Les-ricaneuses-37x52.jpg 724w\" sizes=\"auto, (max-width: 197px) 100vw, 197px\" \/>","protected":false},"excerpt":{"rendered":"<p>Sorry, this entry is only available in Fran\u00e7ais.Les cookies du\u00a0site de la Galerie Raymond Debieve sont utilis\u00e9s \u00e0 seuls fins d&#8217;am\u00e9liorer votre navigation et de mesure d&#8217;audience. Ils ne sont en aucun cas utilis\u00e9s \u00e0 des fins publicitaires ou revendus \u00e0 des tiers. &nbsp;<\/p>\n","protected":false},"author":2,"featured_media":0,"parent":0,"menu_order":0,"comment_status":"closed","ping_status":"closed","template":"templates\/template-page-fullwidth.php","meta":{"_exactmetrics_skip_tracking":false,"_exactmetrics_sitenote_active":false,"_exactmetrics_sitenote_note":"","_exactmetrics_sitenote_category":0,"footnotes":""},"class_list":["post-24839","page","type-page","status-publish","hentry"],"_links":{"self":[{"href":"https:\/\/raymond-debieve.fr\/en\/wp-json\/wp\/v2\/pages\/24839","targetHints":{"allow":["GET"]}}],"collection":[{"href":"https:\/\/raymond-debieve.fr\/en\/wp-json\/wp\/v2\/pages"}],"about":[{"href":"https:\/\/raymond-debieve.fr\/en\/wp-json\/wp\/v2\/types\/page"}],"author":[{"embeddable":true,"href":"https:\/\/raymond-debieve.fr\/en\/wp-json\/wp\/v2\/users\/2"}],"replies":[{"embeddable":true,"href":"https:\/\/raymond-debieve.fr\/en\/wp-json\/wp\/v2\/comments?post=24839"}],"version-history":[{"count":4,"href":"https:\/\/raymond-debieve.fr\/en\/wp-json\/wp\/v2\/pages\/24839\/revisions"}],"predecessor-version":[{"id":24847,"href":"https:\/\/raymond-debieve.fr\/en\/wp-json\/wp\/v2\/pages\/24839\/revisions\/24847"}],"wp:attachment":[{"href":"https:\/\/raymond-debieve.fr\/en\/wp-json\/wp\/v2\/media?parent=24839"}],"curies":[{"name":"wp","href":"https:\/\/api.w.org\/{rel}","templated":true}]}}