{"id":25109,"date":"2017-04-01T21:59:47","date_gmt":"2017-04-01T19:59:47","guid":{"rendered":"http:\/\/raymond-debieve.fr\/?page_id=25109"},"modified":"2018-06-21T18:14:34","modified_gmt":"2018-06-21T16:14:34","slug":"galerie-raymond-debieve","status":"publish","type":"page","link":"https:\/\/raymond-debieve.fr\/en\/galerie-raymond-debieve\/","title":{"rendered":"Raymond Debi\u00e8ve Gallery"},"content":{"rendered":"<p class=\"qtranxs-available-languages-message qtranxs-available-languages-message-en\">Sorry, this entry is only available in <a href=\"https:\/\/raymond-debieve.fr\/fr\/wp-json\/wp\/v2\/pages\/25109\" class=\"qtranxs-available-language-link qtranxs-available-language-link-fr\" title=\"Fran\u00e7ais\">Fran\u00e7ais<\/a>.<\/p><div class=\"wpb-content-wrapper\">[vc_row full_width=&#8221;stretch_row&#8221; full_height=&#8221;yes&#8221; bg_type=&#8221;image&#8221; parallax_style=&#8221;vcpb-default&#8221; bg_image_new=&#8221;id^25269|url^http:\/\/raymond-debieve.fr\/wp-content\/uploads\/2017\/04\/125&#215;200-la-sieste.jpg|caption^La sieste &#8211; Raymond Debi\u00e8ve &#8211; Collection priv\u00e9e|alt^La sieste &#8211; Raymond Debi\u00e8ve &#8211; Collection priv\u00e9e|title^La sieste &#8211; Raymond Debi\u00e8ve &#8211; Collection priv\u00e9e|description^La sieste &#8211; Raymond Debi\u00e8ve &#8211; Collection priv\u00e9e&#8221; bg_image_repeat=&#8221;no-repeat&#8221; bg_img_attach=&#8221;fixed&#8221; bg_override=&#8221;browser_size&#8221; parallax_content=&#8221;parallax_content_value&#8221; parallax_content_sense=&#8221;70&#8243; fadeout_row=&#8221;fadeout_row_value&#8221; seperator_enable=&#8221;seperator_enable_value&#8221; seperator_type=&#8221;xlarge_triangle_seperator&#8221; seperator_position=&#8221;bottom_seperator&#8221; seperator_svg_height=&#8221;100&#8243; seperator_shape_background=&#8221;#ffffff&#8221; css=&#8221;.vc_custom_1498379609777{padding-top: 0px !important;padding-bottom: 0px !important;}&#8221; el_id=&#8221;home&#8221;][vc_column][vc_empty_space height=&#8221;110px&#8221;][ult_animation_block animation=&#8221;fadeInDown&#8221; animation_duration=&#8221;1&#8243; animation_delay=&#8221;1&#8243; animation_iteration_count=&#8221;1&#8243;][vc_custom_heading text=&#8221;`{`:fr`}`D\u00e9couvrez le monde color\u00e9, truculent et engag\u00e9`{`:en`}`Discover the colorful, truculent and committed world`{`:`}`&#8221; font_container=&#8221;tag:h1|font_size:36px|text_align:center|color:%23ffffff&#8221; use_theme_fonts=&#8221;yes&#8221; css=&#8221;.vc_custom_1492421282186{margin-bottom: 0px !important;}&#8221;][\/ult_animation_block][ult_animation_block animation=&#8221;fadeInDown&#8221; animation_duration=&#8221;1&#8243; animation_delay=&#8221;1.5&#8243; animation_iteration_count=&#8221;1&#8243;][vc_custom_heading text=&#8221;`{`:fr`}`de Raymond Debi\u00e8ve, artiste peintre du XX\u00e8 si\u00e8cle`{`:en`}`of Raymond Debi\u00e8ve, painter of the XXth century`{`:`}`&#8221; font_container=&#8221;tag:h1|font_size:36|text_align:center|color:%23ffffff&#8221; use_theme_fonts=&#8221;yes&#8221; css=&#8221;.vc_custom_1492421329056{margin-bottom: 0px !important;}&#8221;][\/ult_animation_block][vc_empty_space height=&#8221;88px&#8221;][ult_animation_block animation=&#8221;fadeInDown&#8221; animation_duration=&#8221;0.5&#8243; animation_delay=&#8221;2&#8243; animation_iteration_count=&#8221;1&#8243;][vc_icon type=&#8221;material&#8221; icon_material=&#8221;vc-material vc-material-keyboard_arrow_down&#8221; color=&#8221;white&#8221; size=&#8221;xl&#8221; align=&#8221;center&#8221; link=&#8221;url:%23next|||&#8221; el_class=&#8221;scroll-to&#8221;][\/ult_animation_block][\/vc_column][\/vc_row][vc_row full_width=&#8221;stretch_row&#8221; full_height=&#8221;yes&#8221; bg_type=&#8221;image&#8221; parallax_style=&#8221;vcpb-default&#8221; bg_image_new=&#8221;id^24814|url^http:\/\/raymond-debieve.fr\/wp-content\/uploads\/2017\/03\/vaches-et-usinesBristol-25&#215;21-Medium.jpg|caption^null|alt^null|title^vaches et usinesBristol 25&#215;21 (Medium)|description^null&#8221; bg_image_repeat=&#8221;no-repeat&#8221; bg_override=&#8221;ex-full&#8221; enable_overlay=&#8221;enable_overlay_value&#8221; overlay_color=&#8221;rgba(255,255,255,0.81)&#8221; overlay_pattern=&#8221;transperant&#8221; el_id=&#8221;next&#8221; css=&#8221;.vc_custom_1498379894425{padding-top: 60px !important;padding-bottom: 100px !important;}&#8221;][vc_column][vc_custom_heading text=&#8221;`{`:fr`}`Explorez l&#8217;oeuvre de Raymond Debi\u00e8ve`{`:en`}`Explore Raymond Debi\u00e8ve&#8217;s artwork`{`:`}`&#8221; font_container=&#8221;tag:h2|font_size:37px|text_align:center|color:%231e73be&#8221; use_theme_fonts=&#8221;yes&#8221;][vc_empty_space][vc_row_inner][vc_column_inner width=&#8221;1\/2&#8243;][vc_custom_heading text=&#8221;`{`:fr`}`Durant toute sa vie, Raymond Debi\u00e8ve a observ\u00e9, avec acuit\u00e9, humour et po\u00e9sie, le monde qui l\u2019entourait : ses paysages -les corons, les terrils, les fermes, les moissons, la Provence &#8211; mais surtout les \u00eatres qui les peuplaient.`{`:en`}`Throughout his life, Raymond Debi\u00e8ve watched with acuity, humor and poetry, the world around him: his landscapes &#8211; coronas, heaps, farms, harvests, Provence &#8211; but above all the beings that populated them.`{`:`}`&#8221; font_container=&#8221;tag:h2|font_size:21px|text_align:left|color:%231e73be&#8221; google_fonts=&#8221;font_family:Bitter%3Aregular%2Citalic%2C700|font_style:400%20italic%3A400%3Aitalic&#8221;][\/vc_column_inner][vc_column_inner width=&#8221;1\/2&#8243;][vc_custom_heading text=&#8221;`{`:fr`}`Sous son trait, les visages s\u2019animent ; sous ses couleurs, les femmes et les hommes prennent vie ; sous ses doigts, tous se dressent et racontent ce Nord des ann\u00e9es d&#8217;apr\u00e8s guerre, entre joie des f\u00eates populaires et d\u00e9tresse des ouvriers dans leur vie quotidienne.`{`:en`}`Under his stroke, the faces become animated; Under its colors, women and men come to life; Beneath his fingers, all rise and recount this North of the post-war years, between the joy of popular festivals and the distress of the workers in their daily lives.`{`:`}`&#8221; font_container=&#8221;tag:h3|font_size:21px|text_align:left|color:%231e73be&#8221; google_fonts=&#8221;font_family:Bitter%3Aregular%2Citalic%2C700|font_style:400%20italic%3A400%3Aitalic&#8221;][\/vc_column_inner][\/vc_row_inner][vc_empty_space][vc_row_inner][vc_column_inner width=&#8221;1\/2&#8243;][vc_custom_heading text=&#8221;`{`:fr`}`D\u00e9couvrir les dessins&#8230;`{`:en`}`Discover the drawings &#8230;`{`:`}`&#8221; font_container=&#8221;tag:h2|font_size:21px|text_align:center|color:%231e73be&#8221; google_fonts=&#8221;font_family:Bitter%3Aregular%2Citalic%2C700|font_style:400%20regular%3A400%3Anormal&#8221;][\/vc_column_inner][vc_column_inner width=&#8221;1\/2&#8243;][vc_custom_heading text=&#8221;`{`:fr`}`Observer les aquarelles et craies&#8230;`{`:en`}`Observe watercolors and chalk &#8230;`{`:`}`&#8221; font_container=&#8221;tag:h2|font_size:21px|text_align:center|color:%231e73be&#8221; google_fonts=&#8221;font_family:Bitter%3Aregular%2Citalic%2C700|font_style:400%20regular%3A400%3Anormal&#8221;][\/vc_column_inner][\/vc_row_inner][vc_empty_space][vc_custom_heading text=&#8221;`{`:fr`}`Tourner autour des sculptures&#8230;`{`:en`}`Turn around the sculptures &#8230;`{`:`}`&#8221; font_container=&#8221;tag:h2|font_size:21px|text_align:center|color:%231e73be&#8221; google_fonts=&#8221;font_family:Bitter%3Aregular%2Citalic%2C700|font_style:400%20regular%3A400%3Anormal&#8221;][vc_empty_space][\/vc_column][\/vc_row][vc_row full_width=&#8221;stretch_row&#8221; full_height=&#8221;yes&#8221; bg_type=&#8221;image&#8221; parallax_style=&#8221;vcpb-default&#8221; bg_image_new=&#8221;id^24603|url^http:\/\/raymond-debieve.fr\/wp-content\/uploads\/2016\/08\/img037.jpg|caption^femme colombe, dessin au crayon, 27&#215;21 cm, en vente|alt^null|title^femme colombe XXVII|description^femme colombe, dessin au crayon, 27&#215;21 cm, en vente&#8221; bg_image_repeat=&#8221;no-repeat&#8221; bg_override=&#8221;ex-full&#8221; enable_overlay=&#8221;enable_overlay_value&#8221; overlay_color=&#8221;rgba(255,255,255,0.81)&#8221; overlay_pattern=&#8221;transperant&#8221; css=&#8221;.vc_custom_1491118242077{padding-top: 65px !important;padding-bottom: 100px !important;}&#8221;][vc_column css=&#8221;.vc_custom_1486388911640{padding-top: 35px !important;}&#8221;][vc_row_inner css=&#8221;.vc_custom_1486387899293{padding-top: 0px !important;}&#8221;][vc_column_inner width=&#8221;1\/6&#8243;][\/vc_column_inner][vc_column_inner width=&#8221;2\/3&#8243; css=&#8221;.vc_custom_1486387893133{padding-top: 0px !important;}&#8221;][vc_custom_heading text=&#8221;`{`:fr`}`Premiers regards&#8230;.`{`:en`}`First looks &#8230;.`{`:`}`&#8221; font_container=&#8221;tag:h2|font_size:36px|text_align:center|color:%23002f3f&#8221; google_fonts=&#8221;font_family:Bitter%3Aregular%2Citalic%2C700|font_style:400%20regular%3A400%3Anormal&#8221; css=&#8221;.vc_custom_1492421659958{margin-bottom: 10px !important;}&#8221;][vc_empty_space height=&#8221;30px&#8221;][\/vc_column_inner][vc_column_inner width=&#8221;1\/6&#8243;][\/vc_column_inner][\/vc_row_inner][vc_btn title=&#8221;`{`:fr`}`En voir plus dans la galerie&#8230;`{`:en`}`See more in the gallery &#8230;`{`:`}`&#8221; color=&#8221;green&#8221; align=&#8221;center&#8221; i_icon_fontawesome=&#8221;fa fa-paint-brush&#8221; add_icon=&#8221;true&#8221; link=&#8221;url:http%3A%2F%2Fraymond-debieve.fr%2Fgalerie%2F|||&#8221;][vc_btn title=&#8221;`{`:fr`}`Acheter des reproductions`{`:en`}`Shop reproductions `{`:`}`&#8221; color=&#8221;green&#8221; align=&#8221;center&#8221; i_icon_fontawesome=&#8221;fa fa-shopping-bag&#8221; add_icon=&#8221;true&#8221; link=&#8221;url:http%3A%2F%2Fraymond-debieve.fr%2Fboutique-de-la-galerie%2F|||&#8221;][vc_btn title=&#8221;`{`:fr`}`Acheter des oeuvres originales`{`:en`}`Shop `{`:`}`&#8221; color=&#8221;green&#8221; align=&#8221;center&#8221; i_icon_fontawesome=&#8221;fa fa-shopping-bag&#8221; add_icon=&#8221;true&#8221; link=&#8221;url:http%3A%2F%2Fwww.chouette-galerie.fr||target:%20_blank|&#8221;][vc_separator][vc_single_image image=&#8221;25080&#8243; alignment=&#8221;center&#8221;][\/vc_column][\/vc_row]\n<\/div>","protected":false},"excerpt":{"rendered":"<p>Sorry, this entry is only available in Fran\u00e7ais.[vc_row full_width=&#8221;stretch_row&#8221; full_height=&#8221;yes&#8221; bg_type=&#8221;image&#8221; parallax_style=&#8221;vcpb-default&#8221; bg_image_new=&#8221;id^25269|url^http:\/\/raymond-debieve.fr\/wp-content\/uploads\/2017\/04\/125&#215;200-la-sieste.jpg|caption^La sieste &#8211; Raymond Debi\u00e8ve &#8211; Collection priv\u00e9e|alt^La sieste &#8211; Raymond Debi\u00e8ve &#8211; Collection priv\u00e9e|title^La sieste &#8211; Raymond Debi\u00e8ve &#8211; Collection priv\u00e9e|description^La sieste &#8211; Raymond Debi\u00e8ve &#8211; Collection priv\u00e9e&#8221; bg_image_repeat=&#8221;no-repeat&#8221; bg_img_attach=&#8221;fixed&#8221; bg_override=&#8221;browser_size&#8221; parallax_content=&#8221;parallax_content_value&#8221; parallax_content_sense=&#8221;70&#8243; fadeout_row=&#8221;fadeout_row_value&#8221; seperator_enable=&#8221;seperator_enable_value&#8221; seperator_type=&#8221;xlarge_triangle_seperator&#8221; seperator_position=&#8221;bottom_seperator&#8221; seperator_svg_height=&#8221;100&#8243; seperator_shape_background=&#8221;#ffffff&#8221; css=&#8221;.vc_custom_1498379609777{padding-top: 0px !important;padding-bottom: [&hellip;]<\/p>\n","protected":false},"author":2,"featured_media":0,"parent":0,"menu_order":0,"comment_status":"closed","ping_status":"closed","template":"","meta":{"_exactmetrics_skip_tracking":false,"_exactmetrics_sitenote_active":false,"_exactmetrics_sitenote_note":"","_exactmetrics_sitenote_category":0,"footnotes":""},"class_list":["post-25109","page","type-page","status-publish","hentry"],"_links":{"self":[{"href":"https:\/\/raymond-debieve.fr\/en\/wp-json\/wp\/v2\/pages\/25109","targetHints":{"allow":["GET"]}}],"collection":[{"href":"https:\/\/raymond-debieve.fr\/en\/wp-json\/wp\/v2\/pages"}],"about":[{"href":"https:\/\/raymond-debieve.fr\/en\/wp-json\/wp\/v2\/types\/page"}],"author":[{"embeddable":true,"href":"https:\/\/raymond-debieve.fr\/en\/wp-json\/wp\/v2\/users\/2"}],"replies":[{"embeddable":true,"href":"https:\/\/raymond-debieve.fr\/en\/wp-json\/wp\/v2\/comments?post=25109"}],"version-history":[{"count":47,"href":"https:\/\/raymond-debieve.fr\/en\/wp-json\/wp\/v2\/pages\/25109\/revisions"}],"predecessor-version":[{"id":25918,"href":"https:\/\/raymond-debieve.fr\/en\/wp-json\/wp\/v2\/pages\/25109\/revisions\/25918"}],"wp:attachment":[{"href":"https:\/\/raymond-debieve.fr\/en\/wp-json\/wp\/v2\/media?parent=25109"}],"curies":[{"name":"wp","href":"https:\/\/api.w.org\/{rel}","templated":true}]}}