{"id":25250,"date":"2017-06-22T12:04:53","date_gmt":"2017-06-22T10:04:53","guid":{"rendered":"http:\/\/raymond-debieve.fr\/?page_id=25250"},"modified":"2019-04-24T16:20:28","modified_gmt":"2019-04-24T14:20:28","slug":"la-chouette-galerie","status":"publish","type":"page","link":"https:\/\/raymond-debieve.fr\/en\/la-chouette-galerie\/","title":{"rendered":"CHOUETTE galerie"},"content":{"rendered":"<p class=\"qtranxs-available-languages-message qtranxs-available-languages-message-en\">Sorry, this entry is only available in <a href=\"https:\/\/raymond-debieve.fr\/fr\/wp-json\/wp\/v2\/pages\/25250\" class=\"qtranxs-available-language-link qtranxs-available-language-link-fr\" title=\"Fran\u00e7ais\">Fran\u00e7ais<\/a>.<\/p><div class=\"wpb-content-wrapper\">[vc_row full_width=&#8221;stretch_row_content&#8221; content_placement=&#8221;middle&#8221; parallax=&#8221;content-moving&#8221;][vc_column width=&#8221;1\/2&#8243;][vc_single_image image=&#8221;25251&#8243; img_size=&#8221;medium&#8221; alignment=&#8221;center&#8221; style=&#8221;vc_box_shadow_border_circle&#8221; css_animation=&#8221;fadeIn&#8221;][\/vc_column][vc_column width=&#8221;1\/2&#8243;][interactive_banner banner_title=&#8221;Nouveau site internet CHOUETTE Galerie : www.chouette-galerie.com&#8221; heading_tag=&#8221;h2&#8243; banner_desc=&#8221;Le site de la CHOUETTE Galerie<\/p>\n<p>Retrouvez ou d\u00e9couvrez \u00e0 la vente des oeuvres originales<br \/>\nde Raymond Debi\u00e8ve mais \u00e9galement de Michel Debi\u00e8ve et<br \/>\nde Bernard Henneuse sur le site CHOUETTE Galerie&#8221; icon_disp=&#8221;with_description&#8221; banner_icon=&#8221;Defaults-external-link&#8221; banner_image=&#8221;id^25914|url^http:\/\/raymond-debieve.fr\/wp-content\/uploads\/2018\/06\/Site-CG.jpg|caption^www.chouette-galerie.fr<br \/>\nwww.chouette-gallery.com|alt^Site CHOUETTE Galerie|title^Site CHOUETTE Galerie|description^www.chouette-galerie.fr<br \/>\nwww.chouette-gallery.com&#8221; link_opts=&#8221;box&#8221; banner_link=&#8221;url:http%3A%2F%2Fwww.chouette-galerie.fr|title:CHOUETTE%20Galerie|target:%20_blank|&#8221;][\/vc_column][\/vc_row][vc_row bg_type=&#8221;image&#8221; parallax_style=&#8221;vcpb-vz-jquery&#8221; bg_image_new=&#8221;id^26006|url^https:\/\/raymond-debieve.fr\/wp-content\/uploads\/2018\/10\/IMG_20180916_101003.jpg|caption^null|alt^null|title^IMG_20180916_101003|description^null&#8221; bg_image_repeat=&#8221;no-repeat&#8221;][vc_column][vc_column_text]\n<p style=\"text-align: center;\"><span style=\"color: #e31445; font-size: 18pt;\"><strong>Install\u00e9e au coeur du P\u00e9rigord Vert et dans un cadre<br \/>\nqui invite \u00e0 la r\u00eaverie, \u00a0la CHOUETTE Galerie est le lieu\u00a0id\u00e9al<br \/>\npour rencontrer les oeuvres du peintre-sculpteur<br \/>\nRaymond Debi\u00e8ve mais \u00e9galement de Michel Debi\u00e8ve et de Bernard Henneuse..<\/strong><\/span><\/p>\n<p style=\"text-align: center;\"><span style=\"color: #e31445; font-size: 18pt;\">La CHOUETTE Galerie vous propose toute l&#8217;ann\u00e9e<br \/>\nune s\u00e9lection d&#8217;oeuvres des artistes<br \/>\n-peintures, oeuvres encadr\u00e9es, fusains,<br \/>\ndessins \u00e0 la craie,\u00a0sculptures (m\u00e9tal ou composites) &#8211;<\/span><\/p>\n<p style=\"text-align: center;\"><span style=\"color: #e31445; font-size: 18pt;\"><em><strong>A partir du 11 juillet et durant tout l&#8217;\u00e9t\u00e9, l<\/strong><\/em><\/span><span style=\"color: #e31445; font-size: 18pt;\"><em><strong>a galerie est ouverte du mercredi au dimanche inclus, de 14h \u00e0 19h<\/strong><\/em><\/span><\/p>\n<p style=\"text-align: center;\"><span style=\"color: #e31445; font-size: 18pt;\"><em><strong>ou sur rendez-vous : 07 69 45 60 44<\/strong><\/em><\/span><\/p>\n<p style=\"text-align: center;\"><span style=\"color: #e31445; font-size: 18pt;\">N&#8217;h\u00e9sitez pas \u00e0 nous contacter<\/span><\/p>\n[\/vc_column_text][\/vc_column][\/vc_row][vc_row][vc_column][vc_zigzag][vc_gmaps link=&#8221;#E-8_JTNDaWZyYW1lJTIwc3JjJTNEJTIyaHR0cHMlM0ElMkYlMkZ3d3cuZ29vZ2xlLmNvbSUyRm1hcHMlMkZlbWJlZCUzRnBiJTNEJTIxMW0xOCUyMTFtMTIlMjExbTMlMjExZDI4MDMuMTI3OTk5ODIzMDUlMjEyZDAuODA5NTg5NzE1MTc4MjgyNyUyMTNkNDUuMzY2NDEyMDQ3OTg0ODIlMjEybTMlMjExZjAlMjEyZjAlMjEzZjAlMjEzbTIlMjExaTEwMjQlMjEyaTc2OCUyMTRmMTMuMSUyMTNtMyUyMTFtMiUyMTFzMHg0N2ZmMTNkYTBlYmE2ZmRmJTI1M0EweDJmMjBkZWY3ZTc3ZDcwOGYlMjEyczY0JTJCTCUyNiUyMzM5JTNCJTI1QzMlMjU4OXRhbmclMjUyQyUyQjI0ODAwJTJCTGVtcHpvdXJzJTI1MkMlMkJGcmFuY2UlMjE1ZTAlMjEzbTIlMjExc2ZyJTIxMnN1cyUyMTR2MTQ5ODEyMjU0NTMyMyUyMiUyMHdpZHRoJTNEJTIyNjAwJTIyJTIwaGVpZ2h0JTNEJTIyNDUwJTIyJTIwZnJhbWVib3JkZXIlM0QlMjIwJTIyJTIwc3R5bGUlM0QlMjJib3JkZXIlM0EwJTIyJTIwYWxsb3dmdWxsc2NyZWVuJTNFJTNDJTJGaWZyYW1lJTNF&#8221;][vc_separator][\/vc_column][\/vc_row][vc_row][vc_column width=&#8221;1\/2&#8243;][vc_column_text]Vous pouvez flasher ce code pour acc\u00e9der \u00e0 la CHOUETTE Galerie[\/vc_column_text][\/vc_column][vc_column width=&#8221;1\/2&#8243;][vc_single_image image=&#8221;25252&#8243;][\/vc_column][\/vc_row]\n<\/div>","protected":false},"excerpt":{"rendered":"<p>Sorry, this entry is only available in Fran\u00e7ais.[vc_row full_width=&#8221;stretch_row_content&#8221; content_placement=&#8221;middle&#8221; parallax=&#8221;content-moving&#8221;][vc_column width=&#8221;1\/2&#8243;][vc_single_image image=&#8221;25251&#8243; img_size=&#8221;medium&#8221; alignment=&#8221;center&#8221; style=&#8221;vc_box_shadow_border_circle&#8221; css_animation=&#8221;fadeIn&#8221;][\/vc_column][vc_column width=&#8221;1\/2&#8243;][interactive_banner banner_title=&#8221;Nouveau site internet CHOUETTE Galerie : www.chouette-galerie.com&#8221; heading_tag=&#8221;h2&#8243; banner_desc=&#8221;Le site de la CHOUETTE Galerie Retrouvez ou d\u00e9couvrez \u00e0 la vente des oeuvres originales de Raymond Debi\u00e8ve mais \u00e9galement de Michel Debi\u00e8ve et de Bernard Henneuse sur le [&hellip;]<\/p>\n","protected":false},"author":2,"featured_media":25251,"parent":0,"menu_order":0,"comment_status":"closed","ping_status":"closed","template":"","meta":{"_exactmetrics_skip_tracking":false,"_exactmetrics_sitenote_active":false,"_exactmetrics_sitenote_note":"","_exactmetrics_sitenote_category":0,"footnotes":""},"class_list":["post-25250","page","type-page","status-publish","has-post-thumbnail","hentry"],"_links":{"self":[{"href":"https:\/\/raymond-debieve.fr\/en\/wp-json\/wp\/v2\/pages\/25250","targetHints":{"allow":["GET"]}}],"collection":[{"href":"https:\/\/raymond-debieve.fr\/en\/wp-json\/wp\/v2\/pages"}],"about":[{"href":"https:\/\/raymond-debieve.fr\/en\/wp-json\/wp\/v2\/types\/page"}],"author":[{"embeddable":true,"href":"https:\/\/raymond-debieve.fr\/en\/wp-json\/wp\/v2\/users\/2"}],"replies":[{"embeddable":true,"href":"https:\/\/raymond-debieve.fr\/en\/wp-json\/wp\/v2\/comments?post=25250"}],"version-history":[{"count":17,"href":"https:\/\/raymond-debieve.fr\/en\/wp-json\/wp\/v2\/pages\/25250\/revisions"}],"predecessor-version":[{"id":26202,"href":"https:\/\/raymond-debieve.fr\/en\/wp-json\/wp\/v2\/pages\/25250\/revisions\/26202"}],"wp:featuredmedia":[{"embeddable":true,"href":"https:\/\/raymond-debieve.fr\/en\/wp-json\/wp\/v2\/media\/25251"}],"wp:attachment":[{"href":"https:\/\/raymond-debieve.fr\/en\/wp-json\/wp\/v2\/media?parent=25250"}],"curies":[{"name":"wp","href":"https:\/\/api.w.org\/{rel}","templated":true}]}}