{"id":25977,"date":"2018-08-17T17:22:56","date_gmt":"2018-08-17T15:22:56","guid":{"rendered":"http:\/\/raymond-debieve.fr\/?page_id=25977"},"modified":"2018-08-17T17:40:49","modified_gmt":"2018-08-17T15:40:49","slug":"raymond-debieve-artiste-contemporain-francais","status":"publish","type":"page","link":"https:\/\/raymond-debieve.fr\/en\/raymond-debieve-artiste-contemporain-francais\/","title":{"rendered":"Raymond Debi\u00e8ve &#8211; artiste contemporain fran\u00e7ais"},"content":{"rendered":"<p class=\"qtranxs-available-languages-message qtranxs-available-languages-message-en\">Sorry, this entry is only available in <a href=\"https:\/\/raymond-debieve.fr\/fr\/wp-json\/wp\/v2\/pages\/25977\" class=\"qtranxs-available-language-link qtranxs-available-language-link-fr\" title=\"Fran\u00e7ais\">Fran\u00e7ais<\/a>.<\/p><div id=\"rev_slider_24_1_wrapper\" class=\"rev_slider_wrapper fullwidthbanner-container\" data-source=\"gallery\" style=\"margin:0px auto;background:transparent;padding:0px;margin-top:0px;margin-bottom:0px;\">\n<!-- START REVOLUTION SLIDER 5.4.8.3 fullwidth mode -->\n\t<div id=\"rev_slider_24_1\" class=\"rev_slider fullwidthabanner\" style=\"display:none;\" data-version=\"5.4.8.3\">\n<ul>\t<!-- SLIDE  -->\n\t<li data-index=\"rs-69\" data-transition=\"fade\" data-slotamount=\"default\" data-hideafterloop=\"0\" data-hideslideonmobile=\"off\"  data-easein=\"default\" data-easeout=\"default\" data-masterspeed=\"300\"  data-thumb=\"https:\/\/raymond-debieve.fr\/wp-content\/uploads\/2017\/08\/expo-visiteurs-e1502800897392-100x50.jpg\"  data-rotate=\"0\"  data-saveperformance=\"off\"  data-title=\"Slide\" data-param1=\"\" data-param2=\"\" data-param3=\"\" data-param4=\"\" data-param5=\"\" data-param6=\"\" data-param7=\"\" data-param8=\"\" data-param9=\"\" data-param10=\"\" data-description=\"\">\n\t\t<!-- MAIN IMAGE -->\n\t\t<img loading=\"lazy\" decoding=\"async\" src=\"https:\/\/raymond-debieve.fr\/wp-content\/plugins\/revslider\/admin\/assets\/images\/dummy.png\"  alt=\"\" title=\"expo visiteurs\"  width=\"592\" height=\"332\" data-lazyload=\"https:\/\/raymond-debieve.fr\/wp-content\/uploads\/2017\/08\/expo-visiteurs-e1502800897392.jpg\" data-bgposition=\"center center\" data-bgfit=\"cover\" data-bgrepeat=\"no-repeat\" data-bgparallax=\"off\" class=\"rev-slidebg\" data-no-retina>\n\t\t<!-- LAYERS -->\n\t<\/li>\n\t<!-- SLIDE  -->\n\t<li data-index=\"rs-65\" data-transition=\"fade\" data-slotamount=\"default\" data-hideafterloop=\"0\" data-hideslideonmobile=\"off\"  data-easein=\"default\" data-easeout=\"default\" data-masterspeed=\"300\"  data-thumb=\"https:\/\/raymond-debieve.fr\/wp-content\/uploads\/2018\/08\/ch\u00e8vre-m\u00e9tal-100x50.jpg\"  data-rotate=\"0\"  data-saveperformance=\"off\"  data-title=\"Slide\" data-param1=\"\" data-param2=\"\" data-param3=\"\" data-param4=\"\" data-param5=\"\" data-param6=\"\" data-param7=\"\" data-param8=\"\" data-param9=\"\" data-param10=\"\" data-description=\"\">\n\t\t<!-- MAIN IMAGE -->\n\t\t<img loading=\"lazy\" decoding=\"async\" src=\"https:\/\/raymond-debieve.fr\/wp-content\/plugins\/revslider\/admin\/assets\/images\/dummy.png\"  alt=\"ch\u00e8vre m\u00e9tal - Raymond Debi\u00e8ve\" title=\"ch\u00e8vre m\u00e9tal &#8211; Raymond Debi\u00e8ve\"  width=\"1100\" height=\"733\" data-lazyload=\"https:\/\/raymond-debieve.fr\/wp-content\/uploads\/2018\/08\/ch\u00e8vre-m\u00e9tal.jpg\" data-bgposition=\"center center\" data-bgfit=\"cover\" data-bgrepeat=\"no-repeat\" data-bgparallax=\"off\" class=\"rev-slidebg\" data-no-retina>\n\t\t<!-- LAYERS -->\n\t<\/li>\n\t<!-- SLIDE  -->\n\t<li data-index=\"rs-66\" data-transition=\"fade\" data-slotamount=\"default\" data-hideafterloop=\"0\" data-hideslideonmobile=\"off\"  data-easein=\"default\" data-easeout=\"default\" data-masterspeed=\"300\"  data-thumb=\"https:\/\/raymond-debieve.fr\/wp-content\/uploads\/2018\/08\/t\u00e8te011-1-100x50.jpg\"  data-rotate=\"0\"  data-saveperformance=\"off\"  data-title=\"Slide\" data-param1=\"\" data-param2=\"\" data-param3=\"\" data-param4=\"\" data-param5=\"\" data-param6=\"\" data-param7=\"\" data-param8=\"\" data-param9=\"\" data-param10=\"\" data-description=\"\">\n\t\t<!-- MAIN IMAGE -->\n\t\t<img loading=\"lazy\" decoding=\"async\" src=\"https:\/\/raymond-debieve.fr\/wp-content\/plugins\/revslider\/admin\/assets\/images\/dummy.png\"  alt=\"t\u00e8te - monotype - Raymond Debi\u00e8ve\" title=\"t\u00e8te &#8211; monotype &#8211; Raymond Debi\u00e8ve\"  width=\"799\" height=\"1100\" data-lazyload=\"https:\/\/raymond-debieve.fr\/wp-content\/uploads\/2018\/08\/t\u00e8te011-1.jpg\" data-bgposition=\"center top\" data-bgfit=\"cover\" data-bgrepeat=\"no-repeat\" data-bgparallax=\"off\" class=\"rev-slidebg\" data-no-retina>\n\t\t<!-- LAYERS -->\n\t<\/li>\n\t<!-- SLIDE  -->\n\t<li data-index=\"rs-67\" data-transition=\"fade\" data-slotamount=\"default\" data-hideafterloop=\"0\" data-hideslideonmobile=\"off\"  data-easein=\"default\" data-easeout=\"default\" data-masterspeed=\"300\"  data-thumb=\"https:\/\/raymond-debieve.fr\/wp-content\/uploads\/2018\/08\/la-sieste--100x50.jpg\"  data-rotate=\"0\"  data-saveperformance=\"off\"  data-title=\"Slide\" data-param1=\"\" data-param2=\"\" data-param3=\"\" data-param4=\"\" data-param5=\"\" data-param6=\"\" data-param7=\"\" data-param8=\"\" data-param9=\"\" data-param10=\"\" data-description=\"\">\n\t\t<!-- MAIN IMAGE -->\n\t\t<img loading=\"lazy\" decoding=\"async\" src=\"https:\/\/raymond-debieve.fr\/wp-content\/plugins\/revslider\/admin\/assets\/images\/dummy.png\"  alt=\"la sieste - Raymond Debi\u00e8ve\" title=\"la sieste &#8211; Raymond Debi\u00e8ve\"  width=\"1100\" height=\"678\" data-lazyload=\"https:\/\/raymond-debieve.fr\/wp-content\/uploads\/2018\/08\/la-sieste-.jpg\" data-bgposition=\"center center\" data-bgfit=\"cover\" data-bgrepeat=\"no-repeat\" data-bgparallax=\"off\" class=\"rev-slidebg\" data-no-retina>\n\t\t<!-- LAYERS -->\n\t<\/li>\n\t<!-- SLIDE  -->\n\t<li data-index=\"rs-68\" data-transition=\"fade\" data-slotamount=\"default\" data-hideafterloop=\"0\" data-hideslideonmobile=\"off\"  data-easein=\"default\" data-easeout=\"default\" data-masterspeed=\"300\"  data-thumb=\"https:\/\/raymond-debieve.fr\/wp-content\/uploads\/2018\/08\/cheval-t\u00f4le-une-pi\u00e8ce-100x50.jpg\"  data-rotate=\"0\"  data-saveperformance=\"off\"  data-title=\"Slide\" data-param1=\"\" data-param2=\"\" data-param3=\"\" data-param4=\"\" data-param5=\"\" data-param6=\"\" data-param7=\"\" data-param8=\"\" data-param9=\"\" data-param10=\"\" data-description=\"\">\n\t\t<!-- MAIN IMAGE -->\n\t\t<img loading=\"lazy\" decoding=\"async\" src=\"https:\/\/raymond-debieve.fr\/wp-content\/plugins\/revslider\/admin\/assets\/images\/dummy.png\"  alt=\"\" title=\"cheval t\u00f4le une pi\u00e8ce\"  width=\"1088\" height=\"547\" data-lazyload=\"https:\/\/raymond-debieve.fr\/wp-content\/uploads\/2018\/08\/cheval-t\u00f4le-une-pi\u00e8ce.jpg\" data-bgposition=\"center center\" data-bgfit=\"cover\" data-bgrepeat=\"no-repeat\" data-bgparallax=\"off\" class=\"rev-slidebg\" data-no-retina>\n\t\t<!-- LAYERS -->\n\t<\/li>\n<\/ul>\n<script>var htmlDiv = document.getElementById(\"rs-plugin-settings-inline-css\"); var htmlDivCss=\"\";\r\n\t\t\t\t\t\tif(htmlDiv) {\r\n\t\t\t\t\t\t\thtmlDiv.innerHTML = htmlDiv.innerHTML + htmlDivCss;\r\n\t\t\t\t\t\t}else{\r\n\t\t\t\t\t\t\tvar htmlDiv = document.createElement(\"div\");\r\n\t\t\t\t\t\t\thtmlDiv.innerHTML = \"<style>\" + htmlDivCss + \"<\/style>\";\r\n\t\t\t\t\t\t\tdocument.getElementsByTagName(\"head\")[0].appendChild(htmlDiv.childNodes[0]);\r\n\t\t\t\t\t\t}\r\n\t\t\t\t\t<\/script>\n<div class=\"tp-bannertimer\" style=\"height: 5px; background: rgba(0,0,0,0.15);\"><\/div>\t<\/div>\n<script>var htmlDiv = document.getElementById(\"rs-plugin-settings-inline-css\"); var htmlDivCss=\"\";\r\n\t\t\t\tif(htmlDiv) {\r\n\t\t\t\t\thtmlDiv.innerHTML = htmlDiv.innerHTML + htmlDivCss;\r\n\t\t\t\t}else{\r\n\t\t\t\t\tvar htmlDiv = document.createElement(\"div\");\r\n\t\t\t\t\thtmlDiv.innerHTML = \"<style>\" + htmlDivCss + \"<\/style>\";\r\n\t\t\t\t\tdocument.getElementsByTagName(\"head\")[0].appendChild(htmlDiv.childNodes[0]);\r\n\t\t\t\t}\r\n\t\t\t<\/script>\n\t\t<script type=\"text\/javascript\">\r\nif (setREVStartSize!==undefined) setREVStartSize(\r\n\t{c: '#rev_slider_24_1', responsiveLevels: [1240,1024,778,480], gridwidth: [1240,1024,778,480], gridheight: [600,768,960,720], sliderLayout: 'fullwidth'});\r\n\t\t\t\r\nvar revapi24,\r\n\ttpj;\t\r\n(function() {\t\t\t\r\n\tif (!\/loaded|interactive|complete\/.test(document.readyState)) document.addEventListener(\"DOMContentLoaded\",onLoad); else onLoad();\t\r\n\tfunction onLoad() {\t\t\t\t\r\n\t\tif (tpj===undefined) { tpj = jQuery; if(\"off\" == \"on\") tpj.noConflict();}\r\n\tif(tpj(\"#rev_slider_24_1\").revolution == undefined){\n\t\trevslider_showDoubleJqueryError(\"#rev_slider_24_1\");\n\t}else{\n\t\trevapi24 = tpj(\"#rev_slider_24_1\").show().revolution({\n\t\t\tsliderType:\"standard\",\n\t\t\tjsFileLocation:\"\/\/raymond-debieve.fr\/wp-content\/plugins\/revslider\/public\/assets\/js\/\",\n\t\t\tsliderLayout:\"fullwidth\",\n\t\t\tdottedOverlay:\"none\",\n\t\t\tdelay:9000,\n\t\t\tnavigation: {\n\t\t\t\tkeyboardNavigation:\"off\",\n\t\t\t\tkeyboard_direction: \"horizontal\",\n\t\t\t\tmouseScrollNavigation:\"off\",\n \t\t\t\t\t\t\tmouseScrollReverse:\"default\",\n\t\t\t\tonHoverStop:\"on\",\n\t\t\t\ttouch:{\n\t\t\t\t\ttouchenabled:\"on\",\n\t\t\t\t\ttouchOnDesktop:\"off\",\n\t\t\t\t\tswipe_threshold: 75,\n\t\t\t\t\tswipe_min_touches: 50,\n\t\t\t\t\tswipe_direction: \"horizontal\",\n\t\t\t\t\tdrag_block_vertical: false\n\t\t\t\t}\n\t\t\t\t,\n\t\t\t\tarrows: {\n\t\t\t\t\tstyle:\"hesperiden\",\n\t\t\t\t\tenable:true,\n\t\t\t\t\thide_onmobile:true,\n\t\t\t\t\thide_under:600,\n\t\t\t\t\thide_onleave:true,\n\t\t\t\t\thide_delay:200,\n\t\t\t\t\thide_delay_mobile:1200,\n\t\t\t\t\ttmp:'',\n\t\t\t\t\tleft: {\n\t\t\t\t\t\th_align:\"left\",\n\t\t\t\t\t\tv_align:\"center\",\n\t\t\t\t\t\th_offset:30,\n\t\t\t\t\t\tv_offset:0\n\t\t\t\t\t},\n\t\t\t\t\tright: {\n\t\t\t\t\t\th_align:\"right\",\n\t\t\t\t\t\tv_align:\"center\",\n\t\t\t\t\t\th_offset:30,\n\t\t\t\t\t\tv_offset:0\n\t\t\t\t\t}\n\t\t\t\t}\n\t\t\t\t,\n\t\t\t\tbullets: {\n\t\t\t\t\tenable:true,\n\t\t\t\t\thide_onmobile:true,\n\t\t\t\t\thide_under:600,\n\t\t\t\t\tstyle:\"hermes\",\n\t\t\t\t\thide_onleave:true,\n\t\t\t\t\thide_delay:200,\n\t\t\t\t\thide_delay_mobile:1200,\n\t\t\t\t\tdirection:\"horizontal\",\n\t\t\t\t\th_align:\"center\",\n\t\t\t\t\tv_align:\"bottom\",\n\t\t\t\t\th_offset:0,\n\t\t\t\t\tv_offset:30,\n\t\t\t\t\tspace:5,\n\t\t\t\t\ttmp:''\n\t\t\t\t}\n\t\t\t},\n\t\t\tresponsiveLevels:[1240,1024,778,480],\n\t\t\tvisibilityLevels:[1240,1024,778,480],\n\t\t\tgridwidth:[1240,1024,778,480],\n\t\t\tgridheight:[600,768,960,720],\n\t\t\tlazyType:\"single\",\n\t\t\tparallax: {\n\t\t\t\ttype:\"mouse\",\n\t\t\t\torigo:\"slidercenter\",\n\t\t\t\tspeed:2000,\n\t\t\t\tspeedbg:0,\n\t\t\t\tspeedls:0,\n\t\t\t\tlevels:[2,3,4,5,6,7,12,16,10,50,47,48,49,50,51,55],\n\t\t\t},\n\t\t\tshadow:1,\n\t\t\tspinner:\"off\",\n\t\t\tstopLoop:\"off\",\n\t\t\tstopAfterLoops:-1,\n\t\t\tstopAtSlide:-1,\n\t\t\tshuffle:\"off\",\n\t\t\tautoHeight:\"off\",\n\t\t\thideThumbsOnMobile:\"off\",\n\t\t\thideSliderAtLimit:0,\n\t\t\thideCaptionAtLimit:0,\n\t\t\thideAllCaptionAtLilmit:0,\n\t\t\tdebugMode:false,\n\t\t\tfallbacks: {\n\t\t\t\tsimplifyAll:\"off\",\n\t\t\t\tnextSlideOnWindowFocus:\"off\",\n\t\t\t\tdisableFocusListener:false,\n\t\t\t}\n\t\t});\n\t}; \/* END OF revapi call *\/\n\t\n }; \/* END OF ON LOAD FUNCTION *\/\r\n}()); \/* END OF WRAPPING FUNCTION *\/\r\n<\/script>\r\n\t\t<script>\r\n\t\t\t\t\tvar htmlDivCss = unescape(\".hesperiden.tparrows%20%7B%0A%09cursor%3Apointer%3B%0A%09background%3Argba%280%2C0%2C0%2C0.5%29%3B%0A%09width%3A40px%3B%0A%09height%3A40px%3B%0A%09position%3Aabsolute%3B%0A%09display%3Ablock%3B%0A%09z-index%3A100%3B%0A%20%20%20%20border-radius%3A%2050%25%3B%0A%7D%0A.hesperiden.tparrows%3Ahover%20%7B%0A%09background%3Argba%280%2C%200%2C%200%2C%201%29%3B%0A%7D%0A.hesperiden.tparrows%3Abefore%20%7B%0A%09font-family%3A%20%22revicons%22%3B%0A%09font-size%3A20px%3B%0A%09color%3Argb%28255%2C%20255%2C%20255%29%3B%0A%09display%3Ablock%3B%0A%09line-height%3A%2040px%3B%0A%09text-align%3A%20center%3B%0A%7D%0A.hesperiden.tparrows.tp-leftarrow%3Abefore%20%7B%0A%09content%3A%20%22%5Ce82c%22%3B%0A%20%20%20%20margin-left%3A-3px%3B%0A%7D%0A.hesperiden.tparrows.tp-rightarrow%3Abefore%20%7B%0A%09content%3A%20%22%5Ce82d%22%3B%0A%20%20%20%20margin-right%3A-3px%3B%0A%7D%0A.hermes.tp-bullets%20%7B%0A%7D%0A%0A.hermes%20.tp-bullet%20%7B%0A%20%20%20%20overflow%3Ahidden%3B%0A%20%20%20%20border-radius%3A50%25%3B%0A%20%20%20%20width%3A16px%3B%0A%20%20%20%20height%3A16px%3B%0A%20%20%20%20background-color%3A%20rgba%280%2C%200%2C%200%2C%200%29%3B%0A%20%20%20%20box-shadow%3A%20inset%200%200%200%202px%20rgb%28255%2C%20255%2C%20255%29%3B%0A%20%20%20%20-webkit-transition%3A%20background%200.3s%20ease%3B%0A%20%20%20%20transition%3A%20background%200.3s%20ease%3B%0A%20%20%20%20position%3Aabsolute%3B%0A%7D%0A%0A.hermes%20.tp-bullet%3Ahover%20%7B%0A%09%20%20background-color%3A%20rgba%280%2C0%2C0%2C0.21%29%3B%0A%7D%0A.hermes%20.tp-bullet%3Aafter%20%7B%0A%20%20content%3A%20%27%20%27%3B%0A%20%20position%3A%20absolute%3B%0A%20%20bottom%3A%200%3B%0A%20%20height%3A%200%3B%0A%20%20left%3A%200%3B%0A%20%20width%3A%20100%25%3B%0A%20%20background-color%3A%20rgb%28255%2C%20255%2C%20255%29%3B%0A%20%20box-shadow%3A%200%200%201px%20rgb%28255%2C%20255%2C%20255%29%3B%0A%20%20-webkit-transition%3A%20height%200.3s%20ease%3B%0A%20%20transition%3A%20height%200.3s%20ease%3B%0A%7D%0A.hermes%20.tp-bullet.selected%3Aafter%20%7B%0A%20%20height%3A100%25%3B%0A%7D%0A%0A\");\r\n\t\t\t\t\tvar htmlDiv = document.getElementById('rs-plugin-settings-inline-css');\r\n\t\t\t\t\tif(htmlDiv) {\r\n\t\t\t\t\t\thtmlDiv.innerHTML = htmlDiv.innerHTML + htmlDivCss;\r\n\t\t\t\t\t}\r\n\t\t\t\t\telse{\r\n\t\t\t\t\t\tvar htmlDiv = document.createElement('div');\r\n\t\t\t\t\t\thtmlDiv.innerHTML = '<style>' + htmlDivCss + '<\/style>';\r\n\t\t\t\t\t\tdocument.getElementsByTagName('head')[0].appendChild(htmlDiv.childNodes[0]);\r\n\t\t\t\t\t}\r\n\t\t\t\t  <\/script>\r\n\t\t\t\t<\/div><!-- END REVOLUTION SLIDER -->","protected":false},"excerpt":{"rendered":"Sorry, this entry is only available in Fran\u00e7ais.","protected":false},"author":2,"featured_media":0,"parent":0,"menu_order":0,"comment_status":"closed","ping_status":"closed","template":"","meta":{"_exactmetrics_skip_tracking":false,"_exactmetrics_sitenote_active":false,"_exactmetrics_sitenote_note":"","_exactmetrics_sitenote_category":0,"footnotes":""},"class_list":["post-25977","page","type-page","status-publish","hentry"],"_links":{"self":[{"href":"https:\/\/raymond-debieve.fr\/en\/wp-json\/wp\/v2\/pages\/25977","targetHints":{"allow":["GET"]}}],"collection":[{"href":"https:\/\/raymond-debieve.fr\/en\/wp-json\/wp\/v2\/pages"}],"about":[{"href":"https:\/\/raymond-debieve.fr\/en\/wp-json\/wp\/v2\/types\/page"}],"author":[{"embeddable":true,"href":"https:\/\/raymond-debieve.fr\/en\/wp-json\/wp\/v2\/users\/2"}],"replies":[{"embeddable":true,"href":"https:\/\/raymond-debieve.fr\/en\/wp-json\/wp\/v2\/comments?post=25977"}],"version-history":[{"count":2,"href":"https:\/\/raymond-debieve.fr\/en\/wp-json\/wp\/v2\/pages\/25977\/revisions"}],"predecessor-version":[{"id":25980,"href":"https:\/\/raymond-debieve.fr\/en\/wp-json\/wp\/v2\/pages\/25977\/revisions\/25980"}],"wp:attachment":[{"href":"https:\/\/raymond-debieve.fr\/en\/wp-json\/wp\/v2\/media?parent=25977"}],"curies":[{"name":"wp","href":"https:\/\/api.w.org\/{rel}","templated":true}]}}