{"id":26206,"date":"2019-04-24T16:48:07","date_gmt":"2019-04-24T14:48:07","guid":{"rendered":"https:\/\/raymond-debieve.fr\/?page_id=26206"},"modified":"2019-08-14T11:58:31","modified_gmt":"2019-08-14T09:58:31","slug":"la-chouette-galerie-2","status":"publish","type":"page","link":"https:\/\/raymond-debieve.fr\/en\/la-chouette-galerie-2\/","title":{"rendered":"La CHOUETTE galerie"},"content":{"rendered":"<p class=\"qtranxs-available-languages-message qtranxs-available-languages-message-en\">Sorry, this entry is only available in <a href=\"https:\/\/raymond-debieve.fr\/fr\/wp-json\/wp\/v2\/pages\/26206\" class=\"qtranxs-available-language-link qtranxs-available-language-link-fr\" title=\"Fran\u00e7ais\">Fran\u00e7ais<\/a>.<\/p><div class=\"wpb-content-wrapper\">[vc_row][vc_column][vc_text_separator title=&#8221;CHOUETTE Galerie&#8221;][vc_hoverbox image=&#8221;26006&#8243; primary_title=&#8221;&#8221; primary_align=&#8221;right&#8221; hover_title=&#8221;CHOUETTE galerie&#8221; hover_btn_title=&#8221;Site CHOUETTE galerie&#8221; css_animation=&#8221;fadeIn&#8221; hover_add_button=&#8221;true&#8221; hover_btn_link=&#8221;url:https%3A%2F%2Fchouette-gallery.com%2F|title:Site%20CHOUETTE%20Galerie|target:%20_blank|&#8221;]Install\u00e9e au coeur du P\u00e9rigord Vert et dans un cadre qui invite \u00e0 la r\u00eaverie, \u00a0la CHOUETTE Galerie est le lieu id\u00e9alpour rencontrer les oeuvres du peintre-sculpteurRaymond Debi\u00e8ve mais \u00e9galement de Michel Debi\u00e8ve et de Bernard Henneuse.<\/p>\n<p>La CHOUETTE Galerie vous propose toute l&#8217;ann\u00e9eune s\u00e9lection d&#8217;oeuvres des artistes-peintures, oeuvres encadr\u00e9es, fusains,dessins \u00e0 la craie, sculptures (m\u00e9tal ou composites).<\/p>\n<p>A partir du 5 ao\u00fbt et durant tout l&#8217;\u00e9t\u00e9, la galerie est ouverte du mardi au dimanche inclus, de 10h \u00e0 19h ou sur rendez-vous : 07 69 45 60 44<\/p>\n<p>N&#8217;h\u00e9sitez pas \u00e0 nous contacter ![\/vc_hoverbox][ultimate_spacer height=&#8221;20&#8243;][ult_buttons btn_title=&#8221;Visiter la CHOUETTE galerie&#8221; btn_link=&#8221;url:https%3A%2F%2Fchouette-gallery.com%2F|title:CHOUETTE%20galerie|target:%20_blank|&#8221; btn_align=&#8221;ubtn-center&#8221; icon_size=&#8221;32&#8243; btn_icon_pos=&#8221;ubtn-sep-icon-at-left&#8221;][vc_single_image image=&#8221;26231&#8243; style=&#8221;vc_box_rounded&#8221;][ultimate_spacer height=&#8221;20&#8243;][vc_column_text]\n<p>La <strong>CHOUETTE Galerie<\/strong> est une galerie d&#8217;art familiale et atypique dirig\u00e9e par <strong>Karine Henneuse<\/strong>, fille de Bernard Henneuse et ni\u00e8ce de Michel et Raymond Debi\u00e8ve.<\/p>\n<p>Avant de cr\u00e9er la CHOUETTE Galerie, Karine a expos\u00e9 deux ann\u00e9es durant les \u0153uvres de Raymond Debi\u00e8ve au Dortoir des Moins de l&#8217;Abbaye de Brant\u00f4me et cr\u00e9\u00e9 le site internet <a href=\"https:\/\/www.raymond-debieve.fr\">www.raymond-debieve.fr.<\/a><\/p>\n<p>Par la suite, elle a souhait\u00e9 ouvrir une galerie pour exposer durablement les \u0153uvres de Raymond Debi\u00e8ve et de ses fr\u00e8res.<\/p>\n<p>Situ\u00e9e en Dordogne entre Angoul\u00eame, P\u00e9rigueux et Limoges, la galerie pr\u00e9sente des \u0153uvres des trois artistes sous toutes leurs formes : peintures, dessins, sculptures et tapisseries.<\/p>\n<p>Le site internet de la CHOUETTE Galerie a \u00e9t\u00e9 cr\u00e9\u00e9 pour<\/p>\n<ul>\n<li>promouvoir plus globalement les \u0153uvres de ces artistes dont l&#8217;<span style=\"display: inline !important; float: none; background-color: transparent; color: #333333; cursor: text; font-family: Georgia,'Times New Roman','Bitstream Charter',Times,serif; font-size: 16px; font-style: normal; font-variant: normal; font-weight: 400; letter-spacing: normal; orphans: 2; text-align: left; text-decoration: none; text-indent: 0px; text-transform: none; -webkit-text-stroke-width: 0px; white-space: normal; word-spacing: 0px;\">int\u00e9r\u00eat va croissant, notamment \u00e0 l&#8217;international (galeries aux Etats-Unis, en Angleterre et en Asie),<br \/>\n<\/span><\/li>\n<li>r\u00e9colter des fonds permettant entre autre de financer des expositions ou des publications,<\/li>\n<li>Compl\u00e9ter le site <a href=\"https:\/\/www.raymond-debieve.fr\">Raymond-debieve.fr<\/a> en devenant la galerie officielle de Raymond Debi\u00e8ve et en proposant des \u0153uvres originales et certifi\u00e9es.<\/li>\n<\/ul>\n<p>Pour en savoir plus, n&#8217;h\u00e9sitez pas \u00e0 nous contacter ( karine@chouette-galerie.com ) ou \u00e0 venir nous rencontrer (\u00a0 <a href=\"https:\/\/chouette-gallery.com\/venir-a-la-galerie\/\">venir \u00e0 la galerie<\/a> )<\/p>\n[\/vc_column_text][ultimate_spacer height=&#8221;20&#8243;][\/vc_column][\/vc_row][vc_row][vc_column][vc_text_separator title=&#8221;Aller \u00e0 la galerie&#8221; i_icon_fontawesome=&#8221;fa fa-map-marker&#8221; add_icon=&#8221;true&#8221;][\/vc_column][\/vc_row][vc_row][vc_column width=&#8221;5\/6&#8243;][vc_gmaps link=&#8221;#E-8_JTNDaWZyYW1lJTIwc3JjJTNEJTIyaHR0cHMlM0ElMkYlMkZ3d3cuZ29vZ2xlLmNvbSUyRm1hcHMlMkZlbWJlZCUzRnBiJTNEJTIxMW0xOCUyMTFtMTIlMjExbTMlMjExZDI4MDMuMTI3OTk5ODIzMDUlMjEyZDAuODA5NTg5NzE1MTc4MjgyNyUyMTNkNDUuMzY2NDEyMDQ3OTg0ODIlMjEybTMlMjExZjAlMjEyZjAlMjEzZjAlMjEzbTIlMjExaTEwMjQlMjEyaTc2OCUyMTRmMTMuMSUyMTNtMyUyMTFtMiUyMTFzMHg0N2ZmMTNkYTBlYmE2ZmRmJTI1M0EweDJmMjBkZWY3ZTc3ZDcwOGYlMjEyczY0JTJCTCUyNiUyMzM5JTNCJTI1QzMlMjU4OXRhbmclMjUyQyUyQjI0ODAwJTJCTGVtcHpvdXJzJTI1MkMlMkJGcmFuY2UlMjE1ZTAlMjEzbTIlMjExc2ZyJTIxMnN1cyUyMTR2MTQ5ODEyMjU0NTMyMyUyMiUyMHdpZHRoJTNEJTIyNjAwJTIyJTIwaGVpZ2h0JTNEJTIyNDUwJTIyJTIwZnJhbWVib3JkZXIlM0QlMjIwJTIyJTIwc3R5bGUlM0QlMjJib3JkZXIlM0EwJTIyJTIwYWxsb3dmdWxsc2NyZWVuJTNFJTNDJTJGaWZyYW1lJTNF&#8221;][\/vc_column][vc_column width=&#8221;1\/6&#8243;][vc_single_image image=&#8221;25252&#8243;][\/vc_column][\/vc_row]\n<\/div>","protected":false},"excerpt":{"rendered":"<p>Sorry, this entry is only available in Fran\u00e7ais.[vc_row][vc_column][vc_text_separator title=&#8221;CHOUETTE Galerie&#8221;][vc_hoverbox image=&#8221;26006&#8243; primary_title=&#8221;&#8221; primary_align=&#8221;right&#8221; hover_title=&#8221;CHOUETTE galerie&#8221; hover_btn_title=&#8221;Site CHOUETTE galerie&#8221; css_animation=&#8221;fadeIn&#8221; hover_add_button=&#8221;true&#8221; hover_btn_link=&#8221;url:https%3A%2F%2Fchouette-gallery.com%2F|title:Site%20CHOUETTE%20Galerie|target:%20_blank|&#8221;]Install\u00e9e au coeur du P\u00e9rigord Vert et dans un cadre qui invite \u00e0 la r\u00eaverie, \u00a0la CHOUETTE Galerie est le lieu id\u00e9alpour rencontrer les oeuvres du peintre-sculpteurRaymond Debi\u00e8ve mais \u00e9galement de Michel Debi\u00e8ve et de [&hellip;]<\/p>\n","protected":false},"author":2,"featured_media":0,"parent":0,"menu_order":0,"comment_status":"closed","ping_status":"closed","template":"","meta":{"_exactmetrics_skip_tracking":false,"_exactmetrics_sitenote_active":false,"_exactmetrics_sitenote_note":"","_exactmetrics_sitenote_category":0,"footnotes":""},"class_list":["post-26206","page","type-page","status-publish","hentry"],"_links":{"self":[{"href":"https:\/\/raymond-debieve.fr\/en\/wp-json\/wp\/v2\/pages\/26206","targetHints":{"allow":["GET"]}}],"collection":[{"href":"https:\/\/raymond-debieve.fr\/en\/wp-json\/wp\/v2\/pages"}],"about":[{"href":"https:\/\/raymond-debieve.fr\/en\/wp-json\/wp\/v2\/types\/page"}],"author":[{"embeddable":true,"href":"https:\/\/raymond-debieve.fr\/en\/wp-json\/wp\/v2\/users\/2"}],"replies":[{"embeddable":true,"href":"https:\/\/raymond-debieve.fr\/en\/wp-json\/wp\/v2\/comments?post=26206"}],"version-history":[{"count":16,"href":"https:\/\/raymond-debieve.fr\/en\/wp-json\/wp\/v2\/pages\/26206\/revisions"}],"predecessor-version":[{"id":26318,"href":"https:\/\/raymond-debieve.fr\/en\/wp-json\/wp\/v2\/pages\/26206\/revisions\/26318"}],"wp:attachment":[{"href":"https:\/\/raymond-debieve.fr\/en\/wp-json\/wp\/v2\/media?parent=26206"}],"curies":[{"name":"wp","href":"https:\/\/api.w.org\/{rel}","templated":true}]}}