{"id":26689,"date":"2021-02-04T17:50:25","date_gmt":"2021-02-04T15:50:25","guid":{"rendered":"https:\/\/raymond-debieve.fr\/?page_id=26689"},"modified":"2021-02-04T17:50:25","modified_gmt":"2021-02-04T15:50:25","slug":"les-oeuvres-litteraires","status":"publish","type":"page","link":"https:\/\/raymond-debieve.fr\/en\/les-oeuvres-litteraires\/","title":{"rendered":"les oeuvres litt\u00e9raires"},"content":{"rendered":"<p class=\"qtranxs-available-languages-message qtranxs-available-languages-message-en\">Sorry, this entry is only available in <a href=\"https:\/\/raymond-debieve.fr\/fr\/wp-json\/wp\/v2\/pages\/26689\" class=\"qtranxs-available-language-link qtranxs-available-language-link-fr\" title=\"Fran\u00e7ais\">Fran\u00e7ais<\/a>.<\/p><div>    <\/div><style type=\"text\/css\" scoped>.rbs_gallery_69f5931295607Spinner{\r\n\t\t\t\tmargin: 50px auto;\r\n\t\t\t\twidth: 50px;\r\n\t\t\t\theight: 40px;\r\n\t\t\t\ttext-align: center;\r\n\t\t\t\tfont-size: 10px;\r\n\t\t\t}\r\n\t\t\t.rbs_gallery_69f5931295607Spinner > div{\r\n\t\t\t  background-color: #333;\r\n\t\t\t  height: 100%;\r\n\t\t\t  width: 6px;\r\n\t\t\t  display: inline-block;\r\n\t\t\t  -webkit-animation: rbs_gallery_69f5931295607-stretchdelay 1.2s infinite ease-in-out;\r\n\t\t\t  animation: rbs_gallery_69f5931295607-stretchdelay 1.2s infinite ease-in-out;\r\n\t\t\t}\r\n\t\t\t.rbs_gallery_69f5931295607Spinner .rbs_gallery_69f5931295607Rect2 {\r\n\t\t\t  -webkit-animation-delay: -1.1s;\r\n\t\t\t  animation-delay: -1.1s;\r\n\t\t\t}\r\n\t\t\t.rbs_gallery_69f5931295607Spinner .rbs_gallery_69f5931295607Rect3 {\r\n\t\t\t  -webkit-animation-delay: -1.0s;\r\n\t\t\t  animation-delay: -1.0s;\r\n\t\t\t}\r\n\t\t\t.rbs_gallery_69f5931295607Spinner .rbs_gallery_69f5931295607Rect4 {\r\n\t\t\t  -webkit-animation-delay: -0.9s;\r\n\t\t\t  animation-delay: -0.9s;\r\n\t\t\t}\r\n\t\t\t.rbs_gallery_69f5931295607Spinner .rbs_gallery_69f5931295607Rect5 {\r\n\t\t\t  -webkit-animation-delay: -0.8s;\r\n\t\t\t  animation-delay: -0.8s;\r\n\t\t\t}\r\n\t\t\t@-webkit-keyframes rbs_gallery_69f5931295607-stretchdelay {\r\n\t\t\t  0%, 40%, 100% { -webkit-transform: scaleY(0.4) }  \r\n\t\t\t  20% { -webkit-transform: scaleY(1.0) }\r\n\t\t\t}\r\n\t\t\t@keyframes rbs_gallery_69f5931295607-stretchdelay {\r\n\t\t\t  0%, 40%, 100% { \r\n\t\t\t    transform: scaleY(0.4);\r\n\t\t\t    -webkit-transform: scaleY(0.4);\r\n\t\t\t  }  20% { \r\n\t\t\t    transform: scaleY(1.0);\r\n\t\t\t    -webkit-transform: scaleY(1.0);\r\n\t\t\t  }\r\n\t\t\t}\r\n\t\t<\/style><div class=\"robo-gallery-wrap robo-gallery-wrap-id24524 robo-gallery-\" ><div id=\"rbs_gallery_69f5931295607-block-loader\" class=\"rbs_gallery_69f5931295607Spinner\"><div class=\"rbs_gallery_69f5931295607Rect1\"><\/div> <div class=\"rbs_gallery_69f5931295607Rect2\"><\/div> <div class=\"rbs_gallery_69f5931295607Rect3\"><\/div> <div class=\"rbs_gallery_69f5931295607Rect4\"><\/div> <div class=\"rbs_gallery_69f5931295607Rect5\"><\/div><\/div><div class=\"rbs_gallery_button  rbs_gallery_align_left\" id=\"rbs_gallery_69f5931295607filter\" style=\" display: none;\" ><a class=\"button button-flat button-rounded button-small  \" href=\"#\" data-filter=\"*\">Tout voir<\/a><\/div><div id=\"robo_gallery_main_block_rbs_gallery_69f5931295607\" class=\"robogallery-gallery-24524\" style=\"width:60%;margin:0 auto;  display: none;\"><div id=\"rbs_gallery_69f5931295607\" data-options=\"rbs_gallery_69f5931295607\" style=\"width:100%;\" class=\"robo_gallery  \"><div class=\"rbs-img  category24524 \" ><div class=\"rbs-img-image   rbs-lightbox \" ><div class=\"rbs-img-thumbs\"  data-thumbnail=\"https:\/\/raymond-debieve.fr\/wp-content\/uploads\/2015\/08\/Po\u00e8mes-1024x576.jpg\"  title=\"Po\u00e8mes\"  data-width=\"900\"  data-height=\"506\" ><\/div><div class=\"rbs-img-data-popup\"  data-popup=\"https:\/\/raymond-debieve.fr\/wp-content\/uploads\/2015\/08\/Po\u00e8mes.jpg\"  title=\"\" ><\/div><div class=\"thumbnail-overlay\"><div class=\"rbsTitle \">Po\u00e8mes<\/div><div class=\"rbsIcons\"><i class=\"fa fa-search-plus rbsZoomIcon \" ><\/i><\/div><div class=\"rbsDesc \"><\/div><\/div><\/div><\/div><div class=\"rbs-img  category24524 \" ><div class=\"rbs-img-image   rbs-lightbox \" ><div class=\"rbs-img-thumbs\"  data-thumbnail=\"https:\/\/raymond-debieve.fr\/wp-content\/uploads\/2015\/08\/Philosophie-1024x599.jpg\"  title=\"Philosophie\"  data-width=\"900\"  data-height=\"526\" ><\/div><div class=\"rbs-img-data-popup\"  data-popup=\"https:\/\/raymond-debieve.fr\/wp-content\/uploads\/2015\/08\/Philosophie.jpg\"  title=\"\" ><\/div><div class=\"thumbnail-overlay\"><div class=\"rbsTitle \">Philosophie<\/div><div class=\"rbsIcons\"><i class=\"fa fa-search-plus rbsZoomIcon \" ><\/i><\/div><div class=\"rbsDesc \"><\/div><\/div><\/div><\/div><div class=\"rbs-img  category24524 \" ><div class=\"rbs-img-image   rbs-lightbox \" ><div class=\"rbs-img-thumbs\"  data-thumbnail=\"https:\/\/raymond-debieve.fr\/wp-content\/uploads\/2015\/08\/Paysages-encre-1024x678.jpg\"  title=\"Paysages encre\"  data-width=\"900\"  data-height=\"596\" ><\/div><div class=\"rbs-img-data-popup\"  data-popup=\"https:\/\/raymond-debieve.fr\/wp-content\/uploads\/2015\/08\/Paysages-encre.jpg\"  title=\"\" ><\/div><div class=\"thumbnail-overlay\"><div class=\"rbsTitle \">Paysages encre<\/div><div class=\"rbsIcons\"><i class=\"fa fa-search-plus rbsZoomIcon \" ><\/i><\/div><div class=\"rbsDesc \"><\/div><\/div><\/div><\/div><div class=\"rbs-img  category24524 \" ><div class=\"rbs-img-image   rbs-lightbox \" ><div class=\"rbs-img-thumbs\"  data-thumbnail=\"https:\/\/raymond-debieve.fr\/wp-content\/uploads\/2015\/08\/P\u00e2ques-1024x576.jpg\"  title=\"P\u00e2ques\"  data-width=\"900\"  data-height=\"506\" ><\/div><div class=\"rbs-img-data-popup\"  data-popup=\"https:\/\/raymond-debieve.fr\/wp-content\/uploads\/2015\/08\/P\u00e2ques.jpg\"  title=\"\" ><\/div><div class=\"thumbnail-overlay\"><div class=\"rbsTitle \">P\u00e2ques<\/div><div class=\"rbsIcons\"><i class=\"fa fa-search-plus rbsZoomIcon \" ><\/i><\/div><div class=\"rbsDesc \"><\/div><\/div><\/div><\/div><div class=\"rbs-img  category24524 \" ><div class=\"rbs-img-image   rbs-lightbox \" ><div class=\"rbs-img-thumbs\"  data-thumbnail=\"https:\/\/raymond-debieve.fr\/wp-content\/uploads\/2015\/08\/L\u00e9cole-des-mousquetaires-688x1024.jpg\"  title=\"L&#039;\u00e9cole des mousquetaires\"  data-width=\"688\"  data-height=\"1024\" ><\/div><div class=\"rbs-img-data-popup\"  data-popup=\"https:\/\/raymond-debieve.fr\/wp-content\/uploads\/2015\/08\/L\u00e9cole-des-mousquetaires.jpg\"  title=\"\" ><\/div><div class=\"thumbnail-overlay\"><div class=\"rbsTitle \">L&#039;\u00e9cole des mousquetaires<\/div><div class=\"rbsIcons\"><i class=\"fa fa-search-plus rbsZoomIcon \" ><\/i><\/div><div class=\"rbsDesc \"><\/div><\/div><\/div><\/div><div class=\"rbs-img  category24524 \" ><div class=\"rbs-img-image   rbs-lightbox \" ><div class=\"rbs-img-thumbs\"  data-thumbnail=\"https:\/\/raymond-debieve.fr\/wp-content\/uploads\/2015\/08\/La-Fontaine-573x1024.jpg\"  title=\"La Fontaine\"  data-width=\"573\"  data-height=\"1024\" ><\/div><div class=\"rbs-img-data-popup\"  data-popup=\"https:\/\/raymond-debieve.fr\/wp-content\/uploads\/2015\/08\/La-Fontaine.jpg\"  title=\"\" ><\/div><div class=\"thumbnail-overlay\"><div class=\"rbsTitle \">La Fontaine<\/div><div class=\"rbsIcons\"><i class=\"fa fa-search-plus rbsZoomIcon \" ><\/i><\/div><div class=\"rbsDesc \"><\/div><\/div><\/div><\/div><div class=\"rbs-img  category24524 \" ><div class=\"rbs-img-image   rbs-lightbox \" ><div class=\"rbs-img-thumbs\"  data-thumbnail=\"https:\/\/raymond-debieve.fr\/wp-content\/uploads\/2015\/08\/La-Commune-614x1024.jpg\"  title=\"La Commune\"  data-width=\"614\"  data-height=\"1024\" ><\/div><div class=\"rbs-img-data-popup\"  data-popup=\"https:\/\/raymond-debieve.fr\/wp-content\/uploads\/2015\/08\/La-Commune.jpg\"  title=\"\" ><\/div><div class=\"thumbnail-overlay\"><div class=\"rbsTitle \">La Commune<\/div><div class=\"rbsIcons\"><i class=\"fa fa-search-plus rbsZoomIcon \" ><\/i><\/div><div class=\"rbsDesc \"><\/div><\/div><\/div><\/div><div class=\"rbs-img  category24524 \" ><div class=\"rbs-img-image   rbs-lightbox \" ><div class=\"rbs-img-thumbs\"  data-thumbnail=\"https:\/\/raymond-debieve.fr\/wp-content\/uploads\/2015\/08\/Jeannette-1024x576.jpg\"  title=\"Jeannette\"  data-width=\"900\"  data-height=\"506\" ><\/div><div class=\"rbs-img-data-popup\"  data-popup=\"https:\/\/raymond-debieve.fr\/wp-content\/uploads\/2015\/08\/Jeannette.jpg\"  title=\"\" ><\/div><div class=\"thumbnail-overlay\"><div class=\"rbsTitle \">Jeannette<\/div><div class=\"rbsIcons\"><i class=\"fa fa-search-plus rbsZoomIcon \" ><\/i><\/div><div class=\"rbsDesc \"><\/div><\/div><\/div><\/div><div class=\"rbs-img  category24524 \" ><div class=\"rbs-img-image   rbs-lightbox \" ><div class=\"rbs-img-thumbs\"  data-thumbnail=\"https:\/\/raymond-debieve.fr\/wp-content\/uploads\/2015\/08\/Cendrillon-1024x577.jpg\"  title=\"Cendrillon\"  data-width=\"900\"  data-height=\"507\" ><\/div><div class=\"rbs-img-data-popup\"  data-popup=\"https:\/\/raymond-debieve.fr\/wp-content\/uploads\/2015\/08\/Cendrillon.jpg\"  title=\"\" ><\/div><div class=\"thumbnail-overlay\"><div class=\"rbsTitle \">Cendrillon<\/div><div class=\"rbsIcons\"><i class=\"fa fa-search-plus rbsZoomIcon \" ><\/i><\/div><div class=\"rbsDesc \"><\/div><\/div><\/div><\/div><div class=\"rbs-img  category24524 \" ><div class=\"rbs-img-image   rbs-lightbox \" ><div class=\"rbs-img-thumbs\"  data-thumbnail=\"https:\/\/raymond-debieve.fr\/wp-content\/uploads\/2015\/08\/P1130337-1024x576.jpg\"  title=\"les \u00e9trennes Rimbaud\"  data-width=\"900\"  data-height=\"506\" ><\/div><div class=\"rbs-img-data-popup\"  data-popup=\"https:\/\/raymond-debieve.fr\/wp-content\/uploads\/2015\/08\/P1130337.jpg\"  title=\"\" ><\/div><div class=\"thumbnail-overlay\"><div class=\"rbsTitle \">les \u00e9trennes Rimbaud<\/div><div class=\"rbsIcons\"><i class=\"fa fa-search-plus rbsZoomIcon \" ><\/i><\/div><div class=\"rbsDesc \"><\/div><\/div><\/div><\/div><\/div><\/div><\/div><script>var rbs_gallery_69f5931295607 = {\"version\":\"5.1.3\",\"id\":24524,\"class\":\"id24524\",\"roboGalleryDelay\":1000,\"mainContainer\":\"#robo_gallery_main_block_rbs_gallery_69f5931295607\",\"loadingContainer\":\"#rbs_gallery_69f5931295607-block-loader\",\"loadingContainerObj\":\"rbs_gallery_69f5931295607-block-loader\",\"columnWidth\":\"auto\",\"columns\":4,\"resolutions\":[{\"columnWidth\":\"auto\",\"columns\":2,\"maxWidth\":960},{\"columnWidth\":\"auto\",\"columns\":2,\"maxWidth\":650},{\"columnWidth\":\"auto\",\"columns\":1,\"maxWidth\":450}],\"descBox\":true,\"descBoxClass\":\"rbs_desc_panel_light\",\"hideTitle\":true,\"lightboxOptions\":{\"gallery\":{\"enabled\":true,\"tCounter\":\"%curr% de %total%\"},\"image\":{\"verticalFit\":true},\"mainClass\":\"my-mfp-slide-bottom mfp-img-mobile\"},\"overlayEffect\":\"direction-aware-fade\",\"boxesToLoadStart\":12,\"boxesToLoad\":8,\"waitUntilThumbLoads\":1,\"LoadingWord\":\"En cours de chargement...\",\"loadMoreWord\":\"Plus...\",\"noMoreEntriesWord\":\"Fin de liste\",\"horizontalSpaceBetweenBoxes\":15,\"verticalSpaceBetweenBoxes\":15,\"lazyLoad\":1,\"wrapContainer\":\"#robo-gallery-wrap-rbs_gallery_69f5931295607\",\"filterContainer\":\"#rbs_gallery_69f5931295607filter\",\"loadMoreClass\":\"button-flat button-rounded button-small \"};<\/script><div>    <\/div>","protected":false},"excerpt":{"rendered":"Sorry, this entry is only available in Fran\u00e7ais.Tout voirPo\u00e8mesPhilosophiePaysages encreP\u00e2quesL&#039;\u00e9cole des mousquetairesLa FontaineLa CommuneJeannetteCendrillonles \u00e9trennes Rimbaud","protected":false},"author":1,"featured_media":0,"parent":0,"menu_order":0,"comment_status":"closed","ping_status":"closed","template":"","meta":{"_exactmetrics_skip_tracking":false,"_exactmetrics_sitenote_active":false,"_exactmetrics_sitenote_note":"","_exactmetrics_sitenote_category":0,"footnotes":""},"class_list":["post-26689","page","type-page","status-publish","hentry"],"_links":{"self":[{"href":"https:\/\/raymond-debieve.fr\/en\/wp-json\/wp\/v2\/pages\/26689","targetHints":{"allow":["GET"]}}],"collection":[{"href":"https:\/\/raymond-debieve.fr\/en\/wp-json\/wp\/v2\/pages"}],"about":[{"href":"https:\/\/raymond-debieve.fr\/en\/wp-json\/wp\/v2\/types\/page"}],"author":[{"embeddable":true,"href":"https:\/\/raymond-debieve.fr\/en\/wp-json\/wp\/v2\/users\/1"}],"replies":[{"embeddable":true,"href":"https:\/\/raymond-debieve.fr\/en\/wp-json\/wp\/v2\/comments?post=26689"}],"version-history":[{"count":1,"href":"https:\/\/raymond-debieve.fr\/en\/wp-json\/wp\/v2\/pages\/26689\/revisions"}],"predecessor-version":[{"id":26690,"href":"https:\/\/raymond-debieve.fr\/en\/wp-json\/wp\/v2\/pages\/26689\/revisions\/26690"}],"wp:attachment":[{"href":"https:\/\/raymond-debieve.fr\/en\/wp-json\/wp\/v2\/media?parent=26689"}],"curies":[{"name":"wp","href":"https:\/\/api.w.org\/{rel}","templated":true}]}}